{"id":510,"date":"2018-11-23T14:47:59","date_gmt":"2018-11-23T14:47:59","guid":{"rendered":"https:\/\/www.keyinstitute.ie\/equitation-language-novice-to-intermediate\/"},"modified":"2024-11-21T14:34:36","modified_gmt":"2024-11-21T14:34:36","slug":"reiten-und-sprache-anfaenger-bis-mittelstufe","status":"publish","type":"page","link":"https:\/\/www.keyinstitute.ie\/de\/reiten-und-sprache-anfaenger-bis-mittelstufe\/","title":{"rendered":"Reiten und Sprache (Anf\u00e4nger bis Mittelstufe)"},"content":{"rendered":"<section class=\"l-section wpb_row banner height_medium\"><div class=\"l-section-h i-cf\"><div class=\"g-cols vc_row via_flex valign_top type_default stacking_default\"><div class=\"vc_col-sm-12 wpb_column vc_column_container\"><div class=\"vc_column-inner\"><div class=\"wpb_wrapper\">[rev_slider_vc alias=&#8220;equitation-language-novice-to-intermediate-gr&#8220;]<\/div><\/div><\/div><\/div><\/div><\/section><section class=\"l-section wpb_row height_medium\"><div class=\"l-section-h i-cf\"><div class=\"g-cols vc_row via_flex valign_top type_default stacking_default\"><div class=\"vc_col-sm-8 wpb_column vc_column_container\"><div class=\"vc_column-inner\"><div class=\"wpb_wrapper\"><div class=\"wpb_text_column\"><div class=\"wpb_wrapper\"><h2><\/h2>\n<h4>Kurs Reiten und Sprache<\/h4>\n<p>Ideal fuer Jugendliche zwischen 10 und 19 Jahren geeignet, welche sich auf dem Stand eines nicht absoluten Anfaengers bzw. Fortgeschrittenen befinden.<\/p>\n<p>Der Focus darauf mit Spass an dere Sache etwas zu lernen. Die Teilnehmer\/innen werden ihr reiterliches K\u00f6nnen, waehrend des Unterrichtes in der Halle und bei Ausritten auf artigen Pferden und Ponys weiterentwickeln.<span class=\"Apple-converted-space\">\u00a0<\/span><\/p>\n<p>Der<span class=\"Apple-converted-space\">\u00a0 <\/span>Kurs findet taeglich drei Stunden statt und soll die Teilnehmer\/innen auch in der Pferdepflege vor und nach dem Reiten,sowie das Satteln und Trensen foerdern.<span class=\"Apple-converted-space\">\u00a0<\/span><\/p>\n<\/div><\/div><div class=\"g-cols wpb_row via_flex valign_middle type_default stacking_default\"><div class=\"vc_col-sm-8 wpb_column vc_column_container\"><div class=\"vc_column-inner\"><div class=\"wpb_wrapper\"><div class=\"wpb_text_column\"><div class=\"wpb_wrapper\"><h3>Reiten &amp; Sprache<br \/>\npro Woche \u20ac1380.00<\/h3>\n<\/div><\/div><\/div><\/div><\/div><div class=\"vc_col-sm-4 wpb_column vc_column_container\"><div class=\"vc_column-inner\"><div class=\"wpb_wrapper\"><div class=\"w-btn-wrapper align_none\"><a class=\"w-btn us-btn-style_1\" href=\"#\"><span class=\"w-btn-label\">jetzt buchen<\/span><\/a><\/div><\/div><\/div><\/div><\/div><div class=\"wpb_text_column\"><div class=\"wpb_wrapper\"><p><strong>\u20ac50 pro Woche extra f\u00fcr spezielle Ern\u00e4hrung, glutenfrei, z\u00f6liakiefrei etc.<\/strong><\/p>\n<p>Der Preis beinhaltet das Treffen am Flughafen Dublin und den Transport zum Key Institute. R\u00fcckfahrt zum Flughafen Dublin und Einchecken der Hilfe.<\/p>\n<ul>\n<li>Sprachkurs und Sportkurs.<\/li>\n<li>Unterkunft und alle Mahlzeiten.<\/li>\n<li>Aktivit\u00e4ten wie beschrieben.<\/li>\n<li>Alle Einheimischen transportieren<\/li>\n<\/ul>\n<\/div><\/div><\/div><\/div><\/div><div class=\"vc_col-sm-4 wpb_column vc_column_container\"><div class=\"vc_column-inner\"><div class=\"wpb_wrapper\"><div class=\"wpb_text_column head\"><div class=\"wpb_wrapper\"><h3>Ausr\u00fcstung zum Mitbringen<\/h3>\n<\/div><\/div><div class=\"wpb_text_column boxed\"><div class=\"wpb_wrapper\"><ul>\n<li>Reitkappe und guter Outdoor-Reitmantel.<\/li>\n<li>Reitstiefel, Chaps oder kurze Stiefel und halbe Chaps<\/li>\n<li>Ein kleiner Rucksack<\/li>\n<li>Ein Notizblock und Stifte<\/li>\n<\/ul>\n<\/div><\/div><div class=\"wpb_text_column head\"><div class=\"wpb_wrapper\"><h3>Dates<\/h3>\n<\/div><\/div><div class=\"wpb_text_column boxed\"><div class=\"wpb_wrapper\"><div class=\"QcsUad BDJ8fb BLojaf\" role=\"region\" aria-labelledby=\"ucj-5\">\n<div class=\"XL3Kf\">\n<div class=\"a8FIud X0rvP L6rCcb\">\n<div data-show-delay-ms=\"250\" data-append-to-body=\"false\" data-propagate-tooltip-mouseover-events=\"true\" data-anchor-corner=\"bottom-end\" data-enable-skip-handler=\"false\" data-popup-corner=\"top-end\">\n<p><strong>Unsere Kurse finden jede Woche statt<\/strong><br \/>\n<strong>(So \u2013 So) vom 18.06. \u2013 27.08<\/strong><\/p>\n<p><strong>Alle An- und Abreisen sind am Sonntag.<\/strong><\/p>\n<\/div>\n<\/div>\n<\/div>\n<\/div>\n<\/div><\/div><\/div><\/div><\/div><\/div><\/div><\/section><section class=\"l-section wpb_row height_medium\"><div class=\"l-section-h i-cf\"><div class=\"g-cols vc_row via_flex valign_top type_default stacking_default\"><div class=\"vc_col-sm-12 wpb_column vc_column_container\"><div class=\"vc_column-inner\"><div class=\"wpb_wrapper\">[rev_slider_vc alias=&#8220;equitation-language-novice-to-intermediate-bottom&#8220;]<\/div><\/div><\/div><\/div><\/div><\/section>\n","protected":false},"excerpt":{"rendered":"[rev_slider_vc alias=\"equitation-language-novice-to-intermediate-gr\"] Kurs Reiten und Sprache Ideal fuer Jugendliche zwischen 10 und 19 Jahren geeignet, welche sich auf dem Stand eines nicht absoluten Anfaengers bzw. Fortgeschrittenen befinden. Der Focus darauf mit Spass an dere Sache etwas zu lernen. Die Teilnehmer\/innen werden ihr reiterliches K\u00f6nnen, waehrend des Unterrichtes in der Halle und bei Ausritten auf artigen...","protected":false},"author":1,"featured_media":0,"parent":0,"menu_order":0,"comment_status":"closed","ping_status":"closed","template":"","meta":{"footnotes":""},"class_list":["post-510","page","type-page","status-publish","hentry"],"_links":{"self":[{"href":"https:\/\/www.keyinstitute.ie\/de\/wp-json\/wp\/v2\/pages\/510","targetHints":{"allow":["GET"]}}],"collection":[{"href":"https:\/\/www.keyinstitute.ie\/de\/wp-json\/wp\/v2\/pages"}],"about":[{"href":"https:\/\/www.keyinstitute.ie\/de\/wp-json\/wp\/v2\/types\/page"}],"author":[{"embeddable":true,"href":"https:\/\/www.keyinstitute.ie\/de\/wp-json\/wp\/v2\/users\/1"}],"replies":[{"embeddable":true,"href":"https:\/\/www.keyinstitute.ie\/de\/wp-json\/wp\/v2\/comments?post=510"}],"version-history":[{"count":12,"href":"https:\/\/www.keyinstitute.ie\/de\/wp-json\/wp\/v2\/pages\/510\/revisions"}],"predecessor-version":[{"id":949,"href":"https:\/\/www.keyinstitute.ie\/de\/wp-json\/wp\/v2\/pages\/510\/revisions\/949"}],"wp:attachment":[{"href":"https:\/\/www.keyinstitute.ie\/de\/wp-json\/wp\/v2\/media?parent=510"}],"curies":[{"name":"wp","href":"https:\/\/api.w.org\/{rel}","templated":true}]}}