{"id":513,"date":"2018-11-21T03:47:57","date_gmt":"2018-11-21T03:47:57","guid":{"rendered":"https:\/\/www.keyinstitute.ie\/accommodation\/"},"modified":"2019-01-22T09:51:12","modified_gmt":"2019-01-22T09:51:12","slug":"accommodation","status":"publish","type":"page","link":"https:\/\/www.keyinstitute.ie\/de\/accommodation\/","title":{"rendered":"Die Unterkunft"},"content":{"rendered":"<section class=\"l-section wpb_row banner height_medium\"><div class=\"l-section-h i-cf\"><div class=\"g-cols vc_row via_flex valign_top type_default stacking_default\"><div class=\"vc_col-sm-12 wpb_column vc_column_container\"><div class=\"vc_column-inner\"><div class=\"wpb_wrapper\">[rev_slider_vc alias=&#8220;accommodation-bottom&#8220;]<\/div><\/div><\/div><\/div><\/div><\/section><section class=\"l-section wpb_row height_medium\"><div class=\"l-section-h i-cf\"><div class=\"g-cols vc_row via_flex valign_top type_default stacking_default\"><div class=\"vc_col-sm-8 wpb_column vc_column_container\"><div class=\"vc_column-inner\"><div class=\"wpb_wrapper\"><div class=\"wpb_text_column\"><div class=\"wpb_wrapper\"><h3>Die Unterkunft<\/h3>\n<p>Teenager haben die Wahl der Unterkunft. Wir bieten Unterkunft im Reitzentrum oder in einer Gastfamilie an.<\/p>\n<h3>Unterk\u00fcnfte im Reitzentrum 9\/6-31\/8<\/h3>\n<p>Im Reitzentrum haben wir Unterk\u00fcnfte f\u00fcr 24 Sch\u00fcler. Die Sch\u00fcler werden von 2 Gruppenleitern betreut, die auch im Reitzentrum wohnen.<\/p>\n<p>Die Unterkunft erfolgt in Mehrbettzimmern mit eigenem Bad\/Duschbad. Die Mahlzeiten werden als Gruppe in unserem Esszimmer eingenommen.<\/p>\n<p>Bitte denken Sie daran, dass Sie Ihr Zimmer mit anderen Jugendlichen aus der ganzen Welt teilen werden, um Ihre Sprachkenntnisse zu verbessern!<\/p>\n<p>Die Unterkunft in der Reitschule ist f\u00fcr Jugendliche geeignet, die es vorziehen, in der Gruppe zu sein, auch f\u00fcr junge Studenten, Jugendliche, die etwas sch\u00fcchtern sind und nicht auf ihre Sprachkenntnisse vertrauen, und nat\u00fcrlich f\u00fcr diejenigen, die immer in der N\u00e4he der Pferde und der irischen Reitkinder sein wollen!&#8220;<\/p>\n<h3>Unterkunft in einer Gastfamilie<\/h3>\n<p>Unsere Gastfamilien sind uns alle pers\u00f6nlich bekannt und beherbergen seit Jahren Jugendliche. Alle Gastfamilien werden vom Schl\u00fcsselinstitut speziell f\u00fcr ihre Freundlichkeit und den Komfort ihres Hauses ausgew\u00e4hlt und garantieren so ein angenehmes Erlebnis f\u00fcr alle. In jeder Gastfamilie gibt es 2 oder 3 Jugendliche mit unterschiedlichen Muttersprachen. Es gibt nie 2 Jugendliche mit der gleichen Sprache in einer Gastfamilie. Die Gastfamilien befinden sich in Sligo Town, Strandhill Village und in der N\u00e4he des Key Institute.<\/p>\n<p>Die gesamte Transportfamilie\/Schl\u00fcsselinstitut\/Aktivit\u00e4ten befindet sich in unserem Schl\u00fcsselinstitut-Bus. Die Daten der Gastfamilie werden dir 4 Wochen vor der Abreise per E-Mail zugesandt. Wenn Sie in einer Familie leben, lernen Sie schnell die Bewohner eines Landes kennen, das f\u00fcr seine Freundlichkeit bekannt ist. Die Unterkunft in einer Gastfamilie ist f\u00fcr selbstbewusste Jugendliche geeignet, auch f\u00fcr Jugendliche mit guten Englischkenntnissen.<\/p>\n<\/div><\/div><\/div><\/div><\/div><div class=\"vc_col-sm-4 wpb_column vc_column_container\"><div class=\"vc_column-inner\"><div class=\"wpb_wrapper\"><div class=\"wpb_text_column head\"><div class=\"wpb_wrapper\"><h3>Typischer Tagesablauf<\/h3>\n<\/div><\/div><div class=\"wpb_text_column boxed\"><div class=\"wpb_wrapper\"><p><strong>8.30<\/strong> Uhr Transport mit dem Bus zum Schl\u00fcsselinstitut<br \/>\n<strong>9.30<\/strong> Uhr Englisch Sprachkurs<br \/>\n<strong>12.30<\/strong> Uhr Das Mittagessen wird als Gruppe im Clubhaus eingenommen.<br \/>\n<strong>14.00<\/strong> Uhr Reitkurs<br \/>\n<strong>17.30<\/strong> Uhr Transport mit dem Bus zur Gastfamilie<br \/>\n<strong>19.30<\/strong> Uhr Transport mit dem Bus zur Aktivit\u00e4t<br \/>\n<strong>22.00<\/strong> Uhr Transport mit dem Bus zur Gastfamilie<br \/>\n<strong>Samstag<\/strong>: Gruppenausflug nach Sligo Town, gefolgt von der Bar b que.<br \/>\n<strong>Sonntag<\/strong>: Wettbewerb.<\/p>\n<\/div><\/div><div class=\"wpb_text_column head\"><div class=\"wpb_wrapper\"><h3>Aktivit\u00e4ten<\/h3>\n<\/div><\/div><div class=\"wpb_text_column boxed\"><div class=\"wpb_wrapper\"><p>An 5 Abenden der Woche werden Teenager als Gruppe Aktivit\u00e4ten wie Kino, Disco, Bar-Bar und Surfen betreut. Die anderen 2 Abende verbringen Sie bei der Gastfamilie oder im Reitzentrum.<\/p>\n<\/div><\/div><\/div><\/div><\/div><\/div><\/div><\/section><section class=\"l-section wpb_row height_medium\"><div class=\"l-section-h i-cf\"><div class=\"g-cols vc_row via_flex valign_top type_default stacking_default\"><div class=\"vc_col-sm-12 wpb_column vc_column_container\"><div class=\"vc_column-inner\"><div class=\"wpb_wrapper\">[rev_slider_vc alias=&#8220;accommodation&#8220;]<\/div><\/div><\/div><\/div><\/div><\/section>\n","protected":false},"excerpt":{"rendered":"[rev_slider_vc alias=\"accommodation-bottom\"]Die Unterkunft Teenager haben die Wahl der Unterkunft. Wir bieten Unterkunft im Reitzentrum oder in einer Gastfamilie an. Unterk\u00fcnfte im Reitzentrum 9\/6-31\/8 Im Reitzentrum haben wir Unterk\u00fcnfte f\u00fcr 24 Sch\u00fcler. Die Sch\u00fcler werden von 2 Gruppenleitern betreut, die auch im Reitzentrum wohnen. Die Unterkunft erfolgt in Mehrbettzimmern mit eigenem Bad\/Duschbad. Die Mahlzeiten werden als...","protected":false},"author":1,"featured_media":0,"parent":0,"menu_order":0,"comment_status":"closed","ping_status":"closed","template":"","meta":{"footnotes":""},"class_list":["post-513","page","type-page","status-publish","hentry"],"_links":{"self":[{"href":"https:\/\/www.keyinstitute.ie\/de\/wp-json\/wp\/v2\/pages\/513","targetHints":{"allow":["GET"]}}],"collection":[{"href":"https:\/\/www.keyinstitute.ie\/de\/wp-json\/wp\/v2\/pages"}],"about":[{"href":"https:\/\/www.keyinstitute.ie\/de\/wp-json\/wp\/v2\/types\/page"}],"author":[{"embeddable":true,"href":"https:\/\/www.keyinstitute.ie\/de\/wp-json\/wp\/v2\/users\/1"}],"replies":[{"embeddable":true,"href":"https:\/\/www.keyinstitute.ie\/de\/wp-json\/wp\/v2\/comments?post=513"}],"version-history":[{"count":3,"href":"https:\/\/www.keyinstitute.ie\/de\/wp-json\/wp\/v2\/pages\/513\/revisions"}],"predecessor-version":[{"id":672,"href":"https:\/\/www.keyinstitute.ie\/de\/wp-json\/wp\/v2\/pages\/513\/revisions\/672"}],"wp:attachment":[{"href":"https:\/\/www.keyinstitute.ie\/de\/wp-json\/wp\/v2\/media?parent=513"}],"curies":[{"name":"wp","href":"https:\/\/api.w.org\/{rel}","templated":true}]}}