{"id":719,"date":"2018-11-21T03:47:30","date_gmt":"2018-11-21T03:47:30","guid":{"rendered":"https:\/\/www.keyinstitute.ie\/about-us\/"},"modified":"2021-08-12T21:25:35","modified_gmt":"2021-08-12T21:25:35","slug":"about-us","status":"publish","type":"page","link":"https:\/\/www.keyinstitute.ie\/es\/about-us\/","title":{"rendered":"Sobre Nosotros"},"content":{"rendered":"<section class=\"l-section wpb_row banner height_medium\"><div class=\"l-section-h i-cf\"><div class=\"g-cols vc_row via_flex valign_top type_default stacking_default\"><div class=\"vc_col-sm-12 wpb_column vc_column_container\"><div class=\"vc_column-inner\"><div class=\"wpb_wrapper\">[rev_slider_vc alias=\u00bbabout-us-esp\u00bb]<\/div><\/div><\/div><\/div><\/div><\/section><section class=\"l-section wpb_row height_medium\"><div class=\"l-section-h i-cf\"><div class=\"g-cols vc_row via_flex valign_top type_default stacking_default\"><div class=\"vc_col-sm-12 wpb_column vc_column_container\"><div class=\"vc_column-inner\"><div class=\"wpb_wrapper\"><div class=\"wpb_text_column\"><div class=\"wpb_wrapper\"><div class=\"page\" title=\"Page 1\">\n<div class=\"layoutArea\">\n<div class=\"column\">\n<p>Si te gusta naturaleza, deporte y disfrutas conocer gente amable y acogedora querr\u00e1s Irlanda (tierra del caballo). Este es de verdad un lugar maravilloso en el cual aprender ingl\u00e9s.<\/p>\n<p>En Sligo descubrir\u00e1s el encanto y la hospitalidad famosa de Irlanda. Es en este rico y ambiente \u00fanico que el Key Institute he estado ofreciendo sus cursos de lengua especializada y equitaci\u00f3n para adolescentes en los \u00faltimos 30 a\u00f1os.<\/p>\n<p>Este es un gran programa internacional con 50-60 estudiantes aqu\u00ed cada semana de Italia, Francia, Suiza, Alemania y Espa\u00f1a, adem\u00e1s hay 50 adolescentes irlandeses locales quien monta diario en el centro ecuestre.<\/p>\n<p>La combinaci\u00f3n del aprendizaje del idioma ingl\u00e9s, equitaci\u00f3n, surf, actividades por la tarde y excursiones cultural seguramente ser\u00e1 una vacacione que un adolescente nunca olvidar\u00e1. Viviendo en una familia extranjera, los j\u00f3venes aprenden sobre la vida cotidiana y las culturas de los irlandeses.<\/p>\n<h4>\u00bfD\u00f3nde est\u00e1 el Key Institute?<\/h4>\n<p>Situada entre la monta\u00f1a Knocknarea y el bosque Union, 3 km de la ciudad de Sligo (pop.25000), en la costa atl\u00e1ntica occidental de Irlanda esta Carrowmore, sitio de una de las colecciones mas antiguas de tumbas megal\u00edticas y c\u00e1maras de entierro, que datan de 3500 B.C. Esta zona se dice que es el primer sitio que se establece un hombre en Irlanda. Este hermoso rinc\u00f3n de Irlanda es el hogar del Key Institute, los especialistas en equitaci\u00f3n y cursos de idiomas.<\/p>\n<\/div>\n<\/div>\n<\/div>\n<\/div><\/div><\/div><\/div><\/div><\/div><\/div><\/section><section class=\"l-section wpb_row height_medium\"><div class=\"l-section-h i-cf\"><div class=\"g-cols vc_row via_flex valign_top type_default stacking_default\"><div class=\"vc_col-sm-12 wpb_column vc_column_container\"><div class=\"vc_column-inner\"><div class=\"wpb_wrapper\"><div class=\"wpb_text_column head\"><div class=\"wpb_wrapper\"><h1>Key Institute Management<\/h1>\n<\/div><\/div><\/div><\/div><\/div><div class=\"vc_col-sm-12 wpb_column vc_column_container\"><div class=\"vc_column-inner\"><div class=\"wpb_wrapper\"><div class=\"w-image align_none\"><div class=\"w-image-h\"><img decoding=\"async\" width=\"1000\" height=\"440\" src=\"https:\/\/www.keyinstitute.ie\/wp-content\/uploads\/2018\/12\/Declan-1-1024x451.jpg\" class=\"attachment-large size-large\" alt=\"\" loading=\"lazy\" srcset=\"https:\/\/www.keyinstitute.ie\/wp-content\/uploads\/2018\/12\/Declan-1-1024x451.jpg 1024w, https:\/\/www.keyinstitute.ie\/wp-content\/uploads\/2018\/12\/Declan-1-300x132.jpg 300w, https:\/\/www.keyinstitute.ie\/wp-content\/uploads\/2018\/12\/Declan-1.jpg 2000w\" sizes=\"auto, (max-width: 1000px) 100vw, 1000px\" \/><\/div><\/div><\/div><\/div><\/div><\/div><\/div><\/section><section class=\"l-section wpb_row height_medium\"><div class=\"l-section-h i-cf\"><div class=\"g-cols vc_row via_flex valign_top type_default stacking_default\"><div class=\"vc_col-sm-6 wpb_column vc_column_container\"><div class=\"vc_column-inner\"><div class=\"wpb_wrapper\"><div class=\"g-cols wpb_row via_flex valign_middle type_default stacking_default\"><div class=\"vc_col-sm-9 wpb_column vc_column_container\"><div class=\"vc_column-inner\"><div class=\"wpb_wrapper\"><div class=\"wpb_text_column\"><div class=\"wpb_wrapper\"><h4>Director |\u00a0Declan Mc Garry B.H.S.A.I. I.C.E.S<\/h4>\n<div class=\"page\" title=\"Page 1\">\n<div class=\"layoutArea\">\n<div class=\"column\">\n<p>El director y due\u00f1o es Declan McGarry B.H.S.A.I.I.C.E.S. Declan es un anterior concurso de saltos plata medallista y un miembro del equipo ecuestre irland\u00e9s durante muchos a\u00f1os.<\/p>\n<\/div>\n<\/div>\n<\/div>\n<\/div><\/div><\/div><\/div><\/div><\/div><\/div><\/div><\/div><div class=\"vc_col-sm-6 wpb_column vc_column_container\"><div class=\"vc_column-inner\"><div class=\"wpb_wrapper\"><div class=\"g-cols wpb_row via_flex valign_middle type_default stacking_default\"><div class=\"vc_col-sm-9 wpb_column vc_column_container\"><div class=\"vc_column-inner\"><div class=\"wpb_wrapper\"><div class=\"wpb_text_column\"><div class=\"wpb_wrapper\"><h4>Directora de idiomas | Sheila Knowles B.A (T.E.F.L Dip)<\/h4>\n<div class=\"page\" title=\"Page 1\">\n<div class=\"layoutArea\">\n<div class=\"column\">\n<p>La directora de idiomas es Sheila Knowles, una profesora cualificada con muchos a\u00f1os de experiencia ense\u00f1ando ingles a adolescentes extranjeros.<\/p>\n<\/div>\n<\/div>\n<\/div>\n<\/div><\/div><\/div><\/div><\/div><\/div><\/div><\/div><\/div><\/div><\/div><\/section><section class=\"l-section wpb_row height_medium\"><div class=\"l-section-h i-cf\"><div class=\"g-cols vc_row via_flex valign_top type_default stacking_default\"><div class=\"vc_col-sm-6 wpb_column vc_column_container\"><div class=\"vc_column-inner\"><div class=\"wpb_wrapper\"><div class=\"g-cols wpb_row via_flex valign_middle type_default stacking_default\"><div class=\"vc_col-sm-9 wpb_column vc_column_container\"><div class=\"vc_column-inner\"><div class=\"wpb_wrapper\"><div class=\"wpb_text_column\"><div class=\"wpb_wrapper\"><h3>Grainne Mc Garry B.H.S.I.I<\/h3>\n<p>Otro miembro de la familia McGarry, Grainne, ha estado trabajando con caballos durante los \u00faltimos 25 a\u00f1os. Tiene sus propios caballos y es una competidora habitual de salto. Es reconocida como una de las mejores y m\u00e1s entusiastas instructoras.<\/p>\n<\/div><\/div><\/div><\/div><\/div><\/div><\/div><\/div><\/div><div class=\"vc_col-sm-6 wpb_column vc_column_container\"><div class=\"vc_column-inner\"><div class=\"wpb_wrapper\"><div class=\"w-image align_none\"><div class=\"w-image-h\"><img decoding=\"async\" width=\"1000\" height=\"638\" src=\"https:\/\/www.keyinstitute.ie\/wp-content\/uploads\/2018\/12\/18SligoRidingCentre_408JC-1024x653.jpg\" class=\"attachment-large size-large\" alt=\"\" loading=\"lazy\" srcset=\"https:\/\/www.keyinstitute.ie\/wp-content\/uploads\/2018\/12\/18SligoRidingCentre_408JC-1024x653.jpg 1024w, https:\/\/www.keyinstitute.ie\/wp-content\/uploads\/2018\/12\/18SligoRidingCentre_408JC-300x191.jpg 300w, https:\/\/www.keyinstitute.ie\/wp-content\/uploads\/2018\/12\/18SligoRidingCentre_408JC.jpg 2002w\" sizes=\"auto, (max-width: 1000px) 100vw, 1000px\" \/><\/div><\/div><\/div><\/div><\/div><\/div><\/div><\/section><section class=\"l-section wpb_row height_medium\"><div class=\"l-section-h i-cf\"><div class=\"g-cols vc_row via_flex valign_top type_default stacking_default\"><div class=\"vc_col-sm-6 wpb_column vc_column_container\"><div class=\"vc_column-inner\"><div class=\"wpb_wrapper\"><div class=\"g-cols wpb_row us_custom_2ae65f69 via_flex valign_top type_default stacking_default\"><div class=\"vc_col-sm-12 wpb_column vc_column_container\"><div class=\"vc_column-inner\"><div class=\"wpb_wrapper\"><div class=\"w-image align_none\"><div class=\"w-image-h\"><img decoding=\"async\" width=\"1000\" height=\"667\" src=\"https:\/\/www.keyinstitute.ie\/wp-content\/uploads\/2018\/12\/18SligoRidingCentre_412JC-1024x683.jpg\" class=\"attachment-large size-large\" alt=\"\" loading=\"lazy\" srcset=\"https:\/\/www.keyinstitute.ie\/wp-content\/uploads\/2018\/12\/18SligoRidingCentre_412JC-1024x683.jpg 1024w, https:\/\/www.keyinstitute.ie\/wp-content\/uploads\/2018\/12\/18SligoRidingCentre_412JC-300x200.jpg 300w, https:\/\/www.keyinstitute.ie\/wp-content\/uploads\/2018\/12\/18SligoRidingCentre_412JC.jpg 1866w\" sizes=\"auto, (max-width: 1000px) 100vw, 1000px\" \/><\/div><\/div><div class=\"w-image align_none\"><div class=\"w-image-h\"><img decoding=\"async\" width=\"1000\" height=\"667\" src=\"https:\/\/www.keyinstitute.ie\/wp-content\/uploads\/2018\/12\/18SligoRidingCentre_249JC-1024x683.jpg\" class=\"attachment-large size-large\" alt=\"\" loading=\"lazy\" srcset=\"https:\/\/www.keyinstitute.ie\/wp-content\/uploads\/2018\/12\/18SligoRidingCentre_249JC-1024x683.jpg 1024w, https:\/\/www.keyinstitute.ie\/wp-content\/uploads\/2018\/12\/18SligoRidingCentre_249JC-300x200.jpg 300w, https:\/\/www.keyinstitute.ie\/wp-content\/uploads\/2018\/12\/18SligoRidingCentre_249JC.jpg 1866w\" sizes=\"auto, (max-width: 1000px) 100vw, 1000px\" \/><\/div><\/div><\/div><\/div><\/div><\/div><\/div><\/div><\/div><div class=\"vc_col-sm-6 wpb_column vc_column_container\"><div class=\"vc_column-inner\"><div class=\"wpb_wrapper\"><div class=\"wpb_text_column\"><div class=\"wpb_wrapper\"><h3>Las Facilidades del Key Institute<\/h3>\n<div class=\"column\"><\/div>\n<ol>\n<li><strong>3 aulas para lengua lecciones<\/strong><\/li>\n<li><strong>Establos para 70 caballos, una gran arena interior 55m x 30m<\/strong><\/li>\n<li><strong>2 anillos para toda temporada<\/strong><\/li>\n<li><strong>1 curso de salto a campo traviesa, 1 novato y 1 intermedio y 1 curso para\u00a0toda temporada.<\/strong>\n<div class=\"page\" title=\"Page 2\">\n<div class=\"layoutArea\">\n<div class=\"column\"><\/div>\n<\/div>\n<\/div>\n<div class=\"page\" title=\"Page 2\">\n<div class=\"layoutArea\">\n<div class=\"column\"><\/div>\n<\/div>\n<\/div>\n<\/li>\n<li><strong>Clubhouse c\u00f3modo con vistas a la arena interior.<\/strong>\n<div class=\"page\" title=\"Page 2\">\n<div class=\"layoutArea\">\n<div class=\"column\"><\/div>\n<\/div>\n<\/div>\n<\/li>\n<li><strong>Alojamiento en sitio para 24 adolescentes.<\/strong><\/li>\n<li><strong>Unlavadero<\/strong><\/li>\n<li><strong>Un vestuario con taquillas individuales para cada adolescente paramantener su equipo deportivo y los libros.<\/strong>\n<div class=\"page\" title=\"Page 2\"><\/div>\n<\/li>\n<\/ol>\n<\/div><\/div><\/div><\/div><\/div><\/div><\/div><\/section><section class=\"l-section wpb_row height_medium\"><div class=\"l-section-h i-cf\"><div class=\"g-cols vc_row via_flex valign_top type_default stacking_default\"><div class=\"vc_col-sm-12 wpb_column vc_column_container\"><div class=\"vc_column-inner\"><div class=\"wpb_wrapper\">[rev_slider_vc alias=\u00bbabout-us-bottom\u00bb]<\/div><\/div><\/div><\/div><\/div><\/section>\n","protected":false},"excerpt":{"rendered":"[rev_slider_vc alias=\"about-us-esp\"] Si te gusta naturaleza, deporte y disfrutas conocer gente amable y acogedora querr\u00e1s Irlanda (tierra del caballo). Este es de verdad un lugar maravilloso en el cual aprender ingl\u00e9s. En Sligo descubrir\u00e1s el encanto y la hospitalidad famosa de Irlanda. Es en este rico y ambiente \u00fanico que el Key Institute he estado...","protected":false},"author":1,"featured_media":0,"parent":0,"menu_order":0,"comment_status":"closed","ping_status":"closed","template":"","meta":{"footnotes":""},"class_list":["post-719","page","type-page","status-publish","hentry"],"_links":{"self":[{"href":"https:\/\/www.keyinstitute.ie\/es\/wp-json\/wp\/v2\/pages\/719","targetHints":{"allow":["GET"]}}],"collection":[{"href":"https:\/\/www.keyinstitute.ie\/es\/wp-json\/wp\/v2\/pages"}],"about":[{"href":"https:\/\/www.keyinstitute.ie\/es\/wp-json\/wp\/v2\/types\/page"}],"author":[{"embeddable":true,"href":"https:\/\/www.keyinstitute.ie\/es\/wp-json\/wp\/v2\/users\/1"}],"replies":[{"embeddable":true,"href":"https:\/\/www.keyinstitute.ie\/es\/wp-json\/wp\/v2\/comments?post=719"}],"version-history":[{"count":5,"href":"https:\/\/www.keyinstitute.ie\/es\/wp-json\/wp\/v2\/pages\/719\/revisions"}],"predecessor-version":[{"id":874,"href":"https:\/\/www.keyinstitute.ie\/es\/wp-json\/wp\/v2\/pages\/719\/revisions\/874"}],"wp:attachment":[{"href":"https:\/\/www.keyinstitute.ie\/es\/wp-json\/wp\/v2\/media?parent=719"}],"curies":[{"name":"wp","href":"https:\/\/api.w.org\/{rel}","templated":true}]}}