{"id":723,"date":"2018-11-22T09:19:55","date_gmt":"2018-11-22T09:19:55","guid":{"rendered":"https:\/\/www.keyinstitute.ie\/language-and-equitation-courses\/"},"modified":"2024-11-21T14:36:02","modified_gmt":"2024-11-21T14:36:02","slug":"language-and-equitation-courses","status":"publish","type":"page","link":"https:\/\/www.keyinstitute.ie\/es\/language-and-equitation-courses\/","title":{"rendered":"Cursos de Idiomas y Equitaci\u00f3n"},"content":{"rendered":"<section class=\"l-section wpb_row banner height_medium\"><div class=\"l-section-h i-cf\"><div class=\"g-cols vc_row via_flex valign_top type_default stacking_default\"><div class=\"vc_col-sm-12 wpb_column vc_column_container\"><div class=\"vc_column-inner\"><div class=\"wpb_wrapper\">[rev_slider_vc alias=\u00bbthe-language-course-esp\u00bb]<\/div><\/div><\/div><\/div><\/div><\/section><section class=\"l-section wpb_row height_medium\"><div class=\"l-section-h i-cf\"><div class=\"g-cols vc_row via_flex valign_top type_default stacking_default\"><div class=\"vc_col-sm-8 wpb_column vc_column_container\"><div class=\"vc_column-inner\"><div class=\"wpb_wrapper\"><div class=\"wpb_text_column\"><div class=\"wpb_wrapper\"><div class=\"page\" title=\"Page 2\">\n<div class=\"layoutArea\">\n<div class=\"column\">\n<h3><strong>El Curso De Idiomas<\/strong><\/h3>\n<\/div>\n<\/div>\n<\/div>\n<div class=\"page\" title=\"Page 2\">\n<div class=\"layoutArea\">\n<div class=\"column\">\n<p>El programa de ingl\u00e9s es impartido por maestros aprobados por el Consejo Consultivo para escuelas de ingl\u00e9s (ACELS) \u2013 el cuerpo de aseguramiento de la calidad para la ense\u00f1anza del idioma ingl\u00e9s (ELT) en Irlanda.)<\/p>\n<p><strong>Garantizamos un servicio personal y profesional y prometemos unas vacaciones educativas y agradables para nuestros invitados.<\/strong><\/p>\n<p>Las clases de idiomas se ejecutan 5 d\u00edas por semana, de lunes a viernes, 3 horas al d\u00eda. Despu\u00e9s de la prueba en el d\u00eda 1, los adolescentes se colocan en un grupo con su nivel de ingl\u00e9s. El curso contiene lecciones de gram\u00e1tica de la lengua, vocabulario, habilidades para escuchar y escribir y habilidades de conversaci\u00f3n.<\/p>\n<\/div>\n<\/div>\n<\/div>\n<\/div><\/div><div class=\"w-separator size_medium\"><\/div><div class=\"wpb_text_column\"><div class=\"wpb_wrapper\"><div class=\"page\" title=\"Page 2\">\n<div class=\"layoutArea\">\n<div class=\"column\">\n<h3><strong>Los Cursos de\u00a0<\/strong><b>Equitaci\u00f3n<\/b><\/h3>\n<\/div>\n<\/div>\n<\/div>\n<div class=\"page\" title=\"Page 2\">\n<div class=\"layoutArea\">\n<div class=\"column\">\n<p>Los cursos de equitaci\u00f3n se ejecutan 5 d\u00edas por semana (lunes-viernes) y domingo. Tenemos 3 cursos, apropiado para todo el nivel de jinete (no principiantes completos). La equitaci\u00f3n es una mezcla de clases (de interior y al aire libre), competiciones, salto de campo traviesa, equitaci\u00f3n al aire libre a los bosques, monta\u00f1as y montar en las playas atl\u00e1nticas.<\/p>\n<p>Los jinetes tambi\u00e9n, bajo supervisi\u00f3n y orientaci\u00f3n, preparan sus caballos para montar, es decir. Aseo, cepillado y puesta en silla de montar y brida etc&#8230;.<\/p>\n<p>El programa de equitaci\u00f3n es aprobado por A.I.R.E. (Asociaci\u00f3n de establecimientos ecuestres irlandeses)<\/p>\n<\/div>\n<\/div>\n<\/div>\n<\/div><\/div><\/div><\/div><\/div><div class=\"vc_col-sm-4 wpb_column vc_column_container\"><div class=\"vc_column-inner\"><div class=\"wpb_wrapper\"><div class=\"wpb_text_column head\"><div class=\"wpb_wrapper\"><h3>Lo que dicen nuestros estudiantes<\/h3>\n<\/div><\/div><div class=\"w-grid boxed type_carousel layout_testimonial_5\" id=\"us_grid_1\" style=\"--gap:30px;\"><style>.layout_testimonial_5 .w-grid-item-h{}.layout_testimonial_5 .usg_post_image_1{width:7rem!important}.layout_testimonial_5 .usg_post_custom_field_1{font-weight:700!important;line-height:1.5!important;margin-bottom:0!important}.layout_testimonial_5 .usg_post_custom_field_2{color:var(--color-content-faded)!important;font-size:0.9rem!important;line-height:1.5!important}.layout_testimonial_5 .usg_post_custom_field_3{color:var(--color-content-primary)!important;font-size:1.2rem!important}<\/style><div class=\"w-grid-list owl-carousel valign_stretch dotstyle_circle navstyle_circle navpos_outside owl-responsive-2000\" style=\"--transition-duration:350ms;\">\t<article class=\"w-grid-item post-924 us_testimonial type-us_testimonial status-publish hentry\" data-id=\"924\">\r\n\t\t<div class=\"w-grid-item-h\">\r\n\t\t\t\t\t\t<div class=\"w-vwrapper usg_vwrapper_2 align_center valign_top\"><div class=\"w-post-elm post_content usg_post_content_1\"><p>\u201cThey make me feel that I was not away from home\u201d<\/p>\n<p>\u201cVery kind and welcoming\u201d<\/p>\n<\/div><div class=\"w-post-elm post_custom_field usg_post_custom_field_1 type_text us_testimonial_author\"><span class=\"w-post-elm-value\">John Doe<\/span><\/div><div class=\"w-post-elm post_custom_field usg_post_custom_field_2 has_text_color type_text us_testimonial_role color_link_inherit\"><span class=\"w-post-elm-value\"><\/span><\/div><\/div>\t\t<\/div>\r\n\t\t\t<\/article>\r\n\t<article class=\"w-grid-item post-923 us_testimonial type-us_testimonial status-publish hentry\" data-id=\"923\">\r\n\t\t<div class=\"w-grid-item-h\">\r\n\t\t\t\t\t\t<div class=\"w-vwrapper usg_vwrapper_2 align_center valign_top\"><div class=\"w-post-elm post_content usg_post_content_1\"><p>\u201cWonderful memories! I was there two weeks ago and I want to go back&#8230;\u201d<\/p>\n<p>\u201cBeautiful place and beautiful people.\u201d<\/p>\n<\/div><div class=\"w-post-elm post_custom_field usg_post_custom_field_1 type_text us_testimonial_author\"><span class=\"w-post-elm-value\">John Doe<\/span><\/div><div class=\"w-post-elm post_custom_field usg_post_custom_field_2 has_text_color type_text us_testimonial_role color_link_inherit\"><span class=\"w-post-elm-value\"><\/span><\/div><\/div>\t\t<\/div>\r\n\t\t\t<\/article>\r\n<\/div>\t<div class=\"g-preloader type_1\">\r\n\t\t<div><\/div>\r\n\t<\/div>\r\n\t\t<div class=\"w-grid-json hidden\" onclick='return {&quot;action&quot;:&quot;us_ajax_grid&quot;,&quot;infinite_scroll&quot;:0,&quot;max_num_pages&quot;:1,&quot;pagination&quot;:&quot;none&quot;,&quot;template_vars&quot;:{&quot;columns&quot;:&quot;&quot;,&quot;exclude_items&quot;:&quot;none&quot;,&quot;img_size&quot;:&quot;default&quot;,&quot;ignore_items_size&quot;:0,&quot;items_layout&quot;:&quot;testimonial_5&quot;,&quot;items_offset&quot;:&quot;0px&quot;,&quot;load_animation&quot;:&quot;none&quot;,&quot;overriding_link&quot;:&quot;{\\&quot;url\\&quot;:\\&quot;\\&quot;}&quot;,&quot;post_id&quot;:0,&quot;query_args&quot;:{&quot;post_type&quot;:[&quot;us_testimonial&quot;],&quot;post_status&quot;:[&quot;publish&quot;],&quot;posts_per_page&quot;:&quot;999&quot;},&quot;orderby_query_args&quot;:{&quot;orderby&quot;:{&quot;date&quot;:&quot;DESC&quot;}},&quot;type&quot;:&quot;carousel&quot;,&quot;us_grid_post_type&quot;:&quot;us_testimonial&quot;,&quot;us_grid_ajax_index&quot;:1,&quot;us_grid_filter_query_string&quot;:null,&quot;us_grid_index&quot;:1,&quot;page_args&quot;:[],&quot;lang&quot;:&quot;es&quot;},&quot;carousel_settings&quot;:{&quot;aria_labels&quot;:{&quot;prev&quot;:&quot;Anterior&quot;,&quot;next&quot;:&quot;Siguiente&quot;},&quot;autoplayContinual&quot;:false,&quot;autoplayHoverPause&quot;:false,&quot;autoplayTimeout&quot;:3000,&quot;fluidSpeed&quot;:350,&quot;margin&quot;:0,&quot;mouseDrag&quot;:true,&quot;rtl&quot;:false,&quot;slideBy&quot;:&quot;1&quot;,&quot;touchDrag&quot;:true,&quot;slideTransition&quot;:&quot;&quot;,&quot;responsive&quot;:{&quot;0&quot;:{&quot;autoHeight&quot;:false,&quot;autoplay&quot;:true,&quot;autoWidth&quot;:false,&quot;center&quot;:false,&quot;dots&quot;:false,&quot;items&quot;:1,&quot;loop&quot;:true,&quot;nav&quot;:false,&quot;stagePadding&quot;:0},&quot;601&quot;:{&quot;autoHeight&quot;:false,&quot;autoplay&quot;:true,&quot;autoWidth&quot;:false,&quot;center&quot;:false,&quot;dots&quot;:false,&quot;items&quot;:1,&quot;loop&quot;:true,&quot;nav&quot;:false,&quot;stagePadding&quot;:0},&quot;1025&quot;:{&quot;autoHeight&quot;:false,&quot;autoplay&quot;:true,&quot;autoWidth&quot;:false,&quot;center&quot;:false,&quot;dots&quot;:false,&quot;items&quot;:1,&quot;loop&quot;:true,&quot;nav&quot;:false,&quot;stagePadding&quot;:0},&quot;1281&quot;:{&quot;items&quot;:1,&quot;autoplay&quot;:true,&quot;center&quot;:false,&quot;dots&quot;:false,&quot;nav&quot;:false,&quot;autoHeight&quot;:false,&quot;autoWidth&quot;:false,&quot;loop&quot;:true,&quot;stagePadding&quot;:0}}}}'><\/div>\r\n\t<\/div><div class=\"w-btn-wrapper align_justify\"><a class=\"w-btn us-btn-style_1\" href=\"#\"><span class=\"w-btn-label\">BOOK NOW<\/span><\/a><\/div><\/div><\/div><\/div><\/div><\/div><\/section><section class=\"l-section wpb_row height_medium\"><div class=\"l-section-h i-cf\"><div class=\"g-cols vc_row via_flex valign_top type_default stacking_default\"><div class=\"vc_col-sm-12 wpb_column vc_column_container\"><div class=\"vc_column-inner\"><div class=\"wpb_wrapper\">[rev_slider_vc alias=\u00bbequitation-course-esp\u00bb]<\/div><\/div><\/div><\/div><\/div><\/section>\n","protected":false},"excerpt":{"rendered":"\u201cWonderful memories! I was there two weeks ago and I want to go back...\u201d \u201cBeautiful place and beautiful people.\u201d","protected":false},"author":1,"featured_media":0,"parent":0,"menu_order":0,"comment_status":"closed","ping_status":"closed","template":"","meta":{"footnotes":""},"class_list":["post-723","page","type-page","status-publish","hentry"],"_links":{"self":[{"href":"https:\/\/www.keyinstitute.ie\/es\/wp-json\/wp\/v2\/pages\/723","targetHints":{"allow":["GET"]}}],"collection":[{"href":"https:\/\/www.keyinstitute.ie\/es\/wp-json\/wp\/v2\/pages"}],"about":[{"href":"https:\/\/www.keyinstitute.ie\/es\/wp-json\/wp\/v2\/types\/page"}],"author":[{"embeddable":true,"href":"https:\/\/www.keyinstitute.ie\/es\/wp-json\/wp\/v2\/users\/1"}],"replies":[{"embeddable":true,"href":"https:\/\/www.keyinstitute.ie\/es\/wp-json\/wp\/v2\/comments?post=723"}],"version-history":[{"count":7,"href":"https:\/\/www.keyinstitute.ie\/es\/wp-json\/wp\/v2\/pages\/723\/revisions"}],"predecessor-version":[{"id":956,"href":"https:\/\/www.keyinstitute.ie\/es\/wp-json\/wp\/v2\/pages\/723\/revisions\/956"}],"wp:attachment":[{"href":"https:\/\/www.keyinstitute.ie\/es\/wp-json\/wp\/v2\/media?parent=723"}],"curies":[{"name":"wp","href":"https:\/\/api.w.org\/{rel}","templated":true}]}}