{"id":726,"date":"2018-11-23T15:06:30","date_gmt":"2018-11-23T15:06:30","guid":{"rendered":"https:\/\/www.keyinstitute.ie\/equitation-language-intensive-jumping-programme\/"},"modified":"2026-01-07T15:51:12","modified_gmt":"2026-01-07T15:51:12","slug":"equitation-language-intensive-jumping-programme","status":"publish","type":"page","link":"https:\/\/www.keyinstitute.ie\/es\/equitation-language-intensive-jumping-programme\/","title":{"rendered":"Equitaci\u00f3n y lenguaje (Programa de salto intensivo)"},"content":{"rendered":"<section class=\"l-section wpb_row banner height_medium\"><div class=\"l-section-h i-cf\"><div class=\"g-cols vc_row via_flex valign_top type_default stacking_default\"><div class=\"vc_col-sm-12 wpb_column vc_column_container\"><div class=\"vc_column-inner\"><div class=\"wpb_wrapper\">[rev_slider_vc alias=\u00bbintensive-jumping-prog-esp\u00bb]<\/div><\/div><\/div><\/div><\/div><\/section><section class=\"l-section wpb_row height_medium\"><div class=\"l-section-h i-cf\"><div class=\"g-cols vc_row via_flex valign_top type_default stacking_default\"><div class=\"vc_col-sm-8 wpb_column vc_column_container\"><div class=\"vc_column-inner\"><div class=\"wpb_wrapper\"><div class=\"wpb_text_column\"><div class=\"wpb_wrapper\"><h2>PROGRAMA<\/h2>\n<div class=\"page\" title=\"Page 3\">\n<div class=\"layoutArea\">\n<div class=\"column\">\n<h4>Programa Equitaci\u00f3n y lenguaje Programa de saltos intensivos.<\/h4>\n<\/div>\n<\/div>\n<\/div>\n<div class=\"page\" title=\"Page 3\">\n<div class=\"layoutArea\">\n<div class=\"column\">\n<p>Este programa es para los buenos jinetes, que tienen un alto nivel de equitaci\u00f3n, y compiten en casa. Sus lecciones ser\u00e1n en grupos peque\u00f1os, en caballos de alto nivel\/ponis, bajo la direcci\u00f3n personal del Sr. Declan MC Garry.El curso es de 3 horas diarias, de lunes a viernes, (competici\u00f3n cada domingo) los jinetes tendr\u00e1n lecciones de interior\/al aire libre en salto, enfoque en saltos de los cursos de saltos en caballos de competici\u00f3n. Tambi\u00e9n<\/p>\n<p>hay saltos de campo traviesa y algunos montado al aire libre en el campo y las playas.<\/p>\n<p><strong>Este curso es adecuado s\u00f3lo para los jinetes avanzados, que saltan 1,00m en competici\u00f3n.<\/strong><\/p>\n<\/div>\n<\/div>\n<\/div>\n<\/div><\/div><div class=\"g-cols wpb_row via_flex valign_middle type_default stacking_default\"><div class=\"vc_col-sm-8 wpb_column vc_column_container\"><div class=\"vc_column-inner\"><div class=\"wpb_wrapper\"><div class=\"wpb_text_column\"><div class=\"wpb_wrapper\"><h3>Equitaci\u00f3n &amp; Idioma<br \/>\n\u20ac1990.00 Por semana<\/h3>\n<\/div><\/div><\/div><\/div><\/div><div class=\"vc_col-sm-4 wpb_column vc_column_container\"><div class=\"vc_column-inner\"><div class=\"wpb_wrapper\"><div class=\"w-btn-wrapper align_none\"><a class=\"w-btn us-btn-style_1\" href=\"#\"><span class=\"w-btn-label\">Reserve Ahora<\/span><\/a><\/div><\/div><\/div><\/div><\/div><div class=\"wpb_text_column\"><div class=\"wpb_wrapper\"><p>El precio incluye el servicio de recogida en el aeropuerto de Dubl\u00edn y el transporte a Key Institute. Viaje de ida y vuelta al aeropuerto de Dubl\u00edn y check-in de asistencia.<\/p>\n<ul>\n<li>Curso de idiomas y curso de deporte.<\/li>\n<li>Alojamiento y todas las comidas.<\/li>\n<li>Actividades descritas.<\/li>\n<li>Todo el transporte local.<\/li>\n<\/ul>\n<\/div><\/div><\/div><\/div><\/div><div class=\"vc_col-sm-4 wpb_column vc_column_container has_text_color\"><div class=\"vc_column-inner us_custom_953e435f\"><div class=\"wpb_wrapper\"><div class=\"wpb_text_column head\"><div class=\"wpb_wrapper\"><h3>Equipo a traer<\/h3>\n<\/div><\/div><div class=\"wpb_text_column boxed\"><div class=\"wpb_wrapper\"><ul>\n<li>Sombrero de montar y buen abrigo para montar al aire libre.<\/li>\n<li>Botas de montar, chaps o botas cortas y medias chaps<\/li>\n<li>Una peque\u00f1a mochila<\/li>\n<li>Un bloc de notas y bol\u00edgrafos<\/li>\n<\/ul>\n<\/div><\/div><div class=\"wpb_text_column head\"><div class=\"wpb_wrapper\"><h3>Fechas<\/h3>\n<\/div><\/div><div class=\"wpb_text_column boxed\"><div class=\"wpb_wrapper\"><p><strong>Nuestros cursos se realizan todas las semanas (domingo a domingo) del 14\/6-30\/8<\/strong><\/p>\n<p><strong>Todas las llegadas y salidas son los domingos.<\/strong><\/p>\n<\/div><\/div><\/div><\/div><\/div><\/div><\/div><\/section><section class=\"l-section wpb_row height_medium\"><div class=\"l-section-h i-cf\"><div class=\"g-cols vc_row via_flex valign_top type_default stacking_default\"><div class=\"vc_col-sm-12 wpb_column vc_column_container\"><div class=\"vc_column-inner\"><div class=\"wpb_wrapper\">[rev_slider_vc alias=\u00bbequitation-language-intensive-bottom\u00bb]<\/div><\/div><\/div><\/div><\/div><\/section>\n","protected":false},"excerpt":{"rendered":"[rev_slider_vc alias=\"intensive-jumping-prog-esp\"]PROGRAMA Programa Equitaci\u00f3n y lenguaje Programa de saltos intensivos. Este programa es para los buenos jinetes, que tienen un alto nivel de equitaci\u00f3n, y compiten en casa. Sus lecciones ser\u00e1n en grupos peque\u00f1os, en caballos de alto nivel\/ponis, bajo la direcci\u00f3n personal del Sr. Declan MC Garry.El curso es de 3 horas diarias, de...","protected":false},"author":1,"featured_media":0,"parent":0,"menu_order":0,"comment_status":"closed","ping_status":"closed","template":"","meta":{"footnotes":""},"class_list":["post-726","page","type-page","status-publish","hentry"],"_links":{"self":[{"href":"https:\/\/www.keyinstitute.ie\/es\/wp-json\/wp\/v2\/pages\/726","targetHints":{"allow":["GET"]}}],"collection":[{"href":"https:\/\/www.keyinstitute.ie\/es\/wp-json\/wp\/v2\/pages"}],"about":[{"href":"https:\/\/www.keyinstitute.ie\/es\/wp-json\/wp\/v2\/types\/page"}],"author":[{"embeddable":true,"href":"https:\/\/www.keyinstitute.ie\/es\/wp-json\/wp\/v2\/users\/1"}],"replies":[{"embeddable":true,"href":"https:\/\/www.keyinstitute.ie\/es\/wp-json\/wp\/v2\/comments?post=726"}],"version-history":[{"count":10,"href":"https:\/\/www.keyinstitute.ie\/es\/wp-json\/wp\/v2\/pages\/726\/revisions"}],"predecessor-version":[{"id":997,"href":"https:\/\/www.keyinstitute.ie\/es\/wp-json\/wp\/v2\/pages\/726\/revisions\/997"}],"wp:attachment":[{"href":"https:\/\/www.keyinstitute.ie\/es\/wp-json\/wp\/v2\/media?parent=726"}],"curies":[{"name":"wp","href":"https:\/\/api.w.org\/{rel}","templated":true}]}}