{"id":727,"date":"2018-11-21T03:47:57","date_gmt":"2018-11-21T03:47:57","guid":{"rendered":"https:\/\/www.keyinstitute.ie\/accommodation\/"},"modified":"2026-01-07T15:48:15","modified_gmt":"2026-01-07T15:48:15","slug":"accommodation","status":"publish","type":"page","link":"https:\/\/www.keyinstitute.ie\/es\/accommodation\/","title":{"rendered":"Alojamiento"},"content":{"rendered":"<section class=\"l-section wpb_row banner height_medium\"><div class=\"l-section-h i-cf\"><div class=\"g-cols vc_row via_flex valign_top type_default stacking_default\"><div class=\"vc_col-sm-12 wpb_column vc_column_container\"><div class=\"vc_column-inner\"><div class=\"wpb_wrapper\">[rev_slider_vc alias=\u00bbaccommodation-bottom\u00bb]<\/div><\/div><\/div><\/div><\/div><\/section><section class=\"l-section wpb_row height_medium\"><div class=\"l-section-h i-cf\"><div class=\"g-cols vc_row via_flex valign_top type_default stacking_default\"><div class=\"vc_col-sm-8 wpb_column vc_column_container\"><div class=\"vc_column-inner\"><div class=\"wpb_wrapper\"><div class=\"wpb_text_column\"><div class=\"wpb_wrapper\"><div class=\"page\" title=\"Page 4\">\n<div class=\"layoutArea\">\n<div class=\"column\">\n<h3><strong>Los Caballos<\/strong><\/h3>\n<p>Hay 70 caballos (caballos de deporte irlandeses) y ponis (ponis Connemara) de todos los niveles en el Instituto.<\/p>\n<h3><strong>El Alojamiento<\/strong><\/h3>\n<p>Los adolescentes tienen una opci\u00f3n de alojamiento. Ofrecemos alojamiento en el centro ecuestre o en una familia anfitriona.<\/p>\n<h3><strong>Alojamiento En El Centro Ecuestre\u00a0<\/strong><\/h3>\n<p>En el centro ecuestre tenemos alojamiento para 40 estudiantes. Los estudiantes est\u00e1n bajo la direcci\u00f3n de 3 l\u00edderes del grupo que tambi\u00e9n viven en el centro ecuestre. El alojamiento se encuentra en habitaciones de varios dormitorios con ba\u00f1o privado\/ducha. Las comidas se comen como un grupo en nuestro comedor. Por favor, recuerde que va a compartir su habitaci\u00f3n con otros adolescentes de todo el mundo, \u00a1para mejorar sus habilidades ling\u00fc\u00edsticas!\u00a1Alojamiento en el centro ecuestre es adecuado para los adolescentes que prefieren estar en un grupo, tambi\u00e9n adecuado para los estudiantes j\u00f3venes, los adolescentes que son un poco t\u00edmido, y no confiado en sus habilidades ling\u00fc\u00edsticas, y por supuesto para aquellos adolescentes que quieren estar cerca de los caballos y los jinetes irlandeses en todo momento!<\/p>\n<h3><strong>Una Familia Anfitrioni<\/strong><\/h3>\n<p>Nuestras familias anfitrionas son bien conocidas por nosotros personalmente y han sido anfitriones de adolescentes durante muchos a\u00f1os. Todas las familias anfitrionas son elegidas especialmente por el Key Institute por su amabilidad y la comodidad de su hogar, as\u00ed garantizando una experiencia agradable para todos. En cada familia anfitriona hay 2 o 3 adolescentes, de diferentes lenguas maternas. Nunca hay 2 adolescentes con el mismo idioma en una familia anfitriona. Las familias anfitrionas est\u00e1n en la ciudad de Sligo, el pueblo de Strandhill y en el \u00e1rea cerca del Instituto Key. Todo el transporte familia \/ Key Institute \/ Actividades est\u00e1 en el autob\u00fas del Key Institute. Los detalles de la familia anfitriona se le env\u00edan por correo electr\u00f3nico 4 semanas antes de la salida. Viviendo en una familia, conocer\u00e1s a los habitantes de un pa\u00eds pronto conocido por su amabilidad. El alojamiento de la familia anfitrionas es adecuado para adolescentes confiados y tambi\u00e9n para adolescentes con un buen nivel de ingl\u00e9s.<\/p>\n<\/div>\n<\/div>\n<\/div>\n<\/div><\/div><\/div><\/div><\/div><div class=\"vc_col-sm-4 wpb_column vc_column_container\"><div class=\"vc_column-inner\"><div class=\"wpb_wrapper\"><div class=\"wpb_text_column head\"><div class=\"wpb_wrapper\"><h3>Horario Diario T\u00edpico<\/h3>\n<\/div><\/div><div class=\"wpb_text_column boxed\"><div class=\"wpb_wrapper\"><div class=\"page\" title=\"Page 5\">\n<div class=\"layoutArea\">\n<div class=\"column\">\n<p><strong>8.30:<\/strong> Desayuno<br \/>\n<strong>9.30:<\/strong> Curso de lengua inglesa<br \/>\n<strong>12.30:<\/strong> El almuerzo se come en un grupo en el club house<br \/>\n<strong>14.00:<\/strong> Curso de equitaci\u00f3n<br \/>\n<strong>17.30:<\/strong> Cena; dinner<br \/>\n<strong>19.30:<\/strong> Transporte en autobus a la actividad<br \/>\n<strong>22.00:<\/strong> Transporte en autobus al centro<br \/>\n<strong>S\u00c1BADO:<\/strong> Excursion en grupo a la ciudad de sligo, seguida por barbacoa<br \/>\n<strong>DOMINGO:<\/strong> Partido<\/p>\n<\/div>\n<\/div>\n<\/div>\n<\/div><\/div><div class=\"wpb_text_column head\"><div class=\"wpb_wrapper\"><h3>Actividades<\/h3>\n<\/div><\/div><div class=\"wpb_text_column boxed\"><div class=\"wpb_wrapper\"><div class=\"page\" title=\"Page 5\">\n<div class=\"layoutArea\">\n<div class=\"column\">\n<p>En 5 noches de la semana, los adolescentes tendr\u00e1n actividades supervisadas en grupo. Las actividades incluyen cine, discoteca, barbacoa y surf. Las otras 2 noches se pasan con la familia anfitriona o en el centro ecuestre.<\/p>\n<\/div>\n<\/div>\n<\/div>\n<\/div><\/div><\/div><\/div><\/div><\/div><\/div><\/section><section class=\"l-section wpb_row height_medium\"><div class=\"l-section-h i-cf\"><div class=\"g-cols vc_row via_flex valign_top type_default stacking_default\"><div class=\"vc_col-sm-12 wpb_column vc_column_container\"><div class=\"vc_column-inner\"><div class=\"wpb_wrapper\">[rev_slider_vc alias=\u00bbaccommodation-esp\u00bb]<\/div><\/div><\/div><\/div><\/div><\/section>\n","protected":false},"excerpt":{"rendered":"[rev_slider_vc alias=\"accommodation-bottom\"] Los Caballos Hay 70 caballos (caballos de deporte irlandeses) y ponis (ponis Connemara) de todos los niveles en el Instituto. El Alojamiento Los adolescentes tienen una opci\u00f3n de alojamiento. Ofrecemos alojamiento en el centro ecuestre o en una familia anfitriona. Alojamiento En El Centro Ecuestre\u00a0 En el centro ecuestre tenemos alojamiento para 40...","protected":false},"author":1,"featured_media":0,"parent":0,"menu_order":0,"comment_status":"closed","ping_status":"closed","template":"","meta":{"footnotes":""},"class_list":["post-727","page","type-page","status-publish","hentry"],"_links":{"self":[{"href":"https:\/\/www.keyinstitute.ie\/es\/wp-json\/wp\/v2\/pages\/727","targetHints":{"allow":["GET"]}}],"collection":[{"href":"https:\/\/www.keyinstitute.ie\/es\/wp-json\/wp\/v2\/pages"}],"about":[{"href":"https:\/\/www.keyinstitute.ie\/es\/wp-json\/wp\/v2\/types\/page"}],"author":[{"embeddable":true,"href":"https:\/\/www.keyinstitute.ie\/es\/wp-json\/wp\/v2\/users\/1"}],"replies":[{"embeddable":true,"href":"https:\/\/www.keyinstitute.ie\/es\/wp-json\/wp\/v2\/comments?post=727"}],"version-history":[{"count":7,"href":"https:\/\/www.keyinstitute.ie\/es\/wp-json\/wp\/v2\/pages\/727\/revisions"}],"predecessor-version":[{"id":994,"href":"https:\/\/www.keyinstitute.ie\/es\/wp-json\/wp\/v2\/pages\/727\/revisions\/994"}],"wp:attachment":[{"href":"https:\/\/www.keyinstitute.ie\/es\/wp-json\/wp\/v2\/media?parent=727"}],"curies":[{"name":"wp","href":"https:\/\/api.w.org\/{rel}","templated":true}]}}