{"id":390,"date":"2018-11-21T03:47:30","date_gmt":"2018-11-21T03:47:30","guid":{"rendered":"https:\/\/www.keyinstitute.ie\/about-us\/"},"modified":"2026-01-07T15:08:29","modified_gmt":"2026-01-07T15:08:29","slug":"about-us-3","status":"publish","type":"page","link":"https:\/\/www.keyinstitute.ie\/fr\/about-us-3\/","title":{"rendered":"Qui sommes-nous"},"content":{"rendered":"<section class=\"l-section wpb_row banner height_medium\"><div class=\"l-section-h i-cf\"><div class=\"g-cols vc_row via_flex valign_top type_default stacking_default\"><div class=\"vc_col-sm-12 wpb_column vc_column_container\"><div class=\"vc_column-inner\"><div class=\"wpb_wrapper\">[rev_slider_vc alias=\u00a0\u00bbabout-us-fr\u00a0\u00bb]<\/div><\/div><\/div><\/div><\/div><\/section><section class=\"l-section wpb_row height_medium\"><div class=\"l-section-h i-cf\"><div class=\"g-cols vc_row via_flex valign_top type_default stacking_default\"><div class=\"vc_col-sm-12 wpb_column vc_column_container\"><div class=\"vc_column-inner\"><div class=\"wpb_wrapper\"><div class=\"wpb_text_column\"><div class=\"wpb_wrapper\"><h3>D\u00e9COUVREZ L\u2019IRLANDE DU KEY INSTITUTE !<\/h3>\n<p>Si vous aimez la nature, le sport, et appr\u00e9ciez rencontrer des personnes accueillantes, vous adorerez l\u2019Irlande, le pays du cheval. C\u2019est v\u00e9ritablement un endroit magnifique pour apprendre l\u2019anglais.<\/p>\n<p>A Sligo, vous d\u00e9couvrirez le charme et le fameux accueil irlandais. C\u2019est dans ce riche et unique environnement, que le Key Institute propose ses cours d\u2019\u00e9quitation et de langue sp\u00e9cialis\u00e9s depuis 30 ans.<\/p>\n<p>C\u2019est un vaste programme international avec 50-60 jeunes ici chaque semaine venant d\u2019Italie, France, Argentine, Suisse, Allemagne, et Espagne, il y a aussi 50 jeunes irlandais qui montent quotidiennement au centre.<\/p>\n<p>La combination\u00a0 de l\u2019apprentissage de la langue anglaise, de l\u2019\u00e9quitation, du surf, des activit\u00e9s du soir, et des excursions culturelles sera ind\u00e9niablement des vacances qu\u2019un jeune ne pourra jamais oublier.\u00a0Les jeunes auront besoin d\u2019une bonne condition physique pour nos cours de sport.Combinant apprentissage de l\u2019anglais,activit\u00e9s sportives\u00a0 et jeux avec d\u00e9couvertes\u00a0 touristiques et culturelles, nos forfaits jeune ont remport\u00e9 au fil des ans un succ\u00e8s non d\u00e9menti. Les parents encouragent m\u00eame leurs enfants \u00e0 revenir l\u2019ann\u00e9e suivante et ils ne se font pas prier !<\/p>\n<p>O\u00f9 EST LE\u00a0 KEY INSTITUTE\u00a0?<\/p>\n<p>Nich\u00e9 entre la Mont Knocknarea et l\u2019Union forest, \u00e0 3 km de la ville de Sligo (25.000 habitants), sur la c\u00f4te atlantique ouest se situe Carrowmore, site de l\u2019une des plus anciennes collections de chambres mortuaires et de tombes m\u00e9galithiques, certaines datant de 3500 av. JC. Cette r\u00e9gion est consid\u00e9r\u00e9e comme le premier foyer de peuplement humain en Irlande.\u00a0 Le Key Institute, LE sp\u00e9cialiste de l\u2019\u00e9quitation et des s\u00e9jours linguistiques, est implant\u00e9 dans cette magnifique contr\u00e9e d\u2019Irlande.<\/p>\n<\/div><\/div><\/div><\/div><\/div><\/div><\/div><\/section><section class=\"l-section wpb_row height_medium\"><div class=\"l-section-h i-cf\"><div class=\"g-cols vc_row via_flex valign_top type_default stacking_default\"><div class=\"vc_col-sm-12 wpb_column vc_column_container\"><div class=\"vc_column-inner\"><div class=\"wpb_wrapper\"><div class=\"wpb_text_column head\"><div class=\"wpb_wrapper\"><h1>Key Institute La Direction<\/h1>\n<\/div><\/div><\/div><\/div><\/div><div class=\"vc_col-sm-12 wpb_column vc_column_container\"><div class=\"vc_column-inner\"><div class=\"wpb_wrapper\"><div class=\"w-image align_none\"><div class=\"w-image-h\"><img decoding=\"async\" width=\"1000\" height=\"440\" src=\"https:\/\/www.keyinstitute.ie\/wp-content\/uploads\/2018\/12\/Declan-1-1024x451.jpg\" class=\"attachment-large size-large\" alt=\"\" loading=\"lazy\" srcset=\"https:\/\/www.keyinstitute.ie\/wp-content\/uploads\/2018\/12\/Declan-1-1024x451.jpg 1024w, https:\/\/www.keyinstitute.ie\/wp-content\/uploads\/2018\/12\/Declan-1-300x132.jpg 300w, https:\/\/www.keyinstitute.ie\/wp-content\/uploads\/2018\/12\/Declan-1.jpg 2000w\" sizes=\"auto, (max-width: 1000px) 100vw, 1000px\" \/><\/div><\/div><\/div><\/div><\/div><\/div><\/div><\/section><section class=\"l-section wpb_row height_medium\"><div class=\"l-section-h i-cf\"><div class=\"g-cols vc_row via_flex valign_top type_default stacking_default\"><div class=\"vc_col-sm-6 wpb_column vc_column_container\"><div class=\"vc_column-inner\"><div class=\"wpb_wrapper\"><div class=\"g-cols wpb_row via_flex valign_middle type_default stacking_default\"><div class=\"vc_col-sm-9 wpb_column vc_column_container\"><div class=\"vc_column-inner\"><div class=\"wpb_wrapper\"><div class=\"wpb_text_column\"><div class=\"wpb_wrapper\"><h4>Le directeur |\u00a0Declan Mc Garry B.H.S.A.I. I.C.E.S<\/h4>\n<p>Le directeur et propri\u00e9taire du centre est M. Declan Mc Garry B.H.S.A.I. Declan est ancien m\u00e9daill\u00e9 d\u2019argent du Championnat Europ\u00e9en de Saut d\u2019Obstacles et a \u00e9t\u00e9 membre de l\u2019\u00e9quipe nationale irlandaise d\u2019\u00e9quitation durant de longues ann\u00e9es.<\/p>\n<\/div><\/div><\/div><\/div><\/div><\/div><\/div><\/div><\/div><div class=\"vc_col-sm-6 wpb_column vc_column_container\"><div class=\"vc_column-inner\"><div class=\"wpb_wrapper\"><div class=\"g-cols wpb_row via_flex valign_middle type_default stacking_default\"><div class=\"vc_col-sm-9 wpb_column vc_column_container\"><div class=\"vc_column-inner\"><div class=\"wpb_wrapper\"><div class=\"wpb_text_column\"><div class=\"wpb_wrapper\"><h4>La directrice | Sheila Knowles B.A (T.E.F.L Dip)<\/h4>\n<p>La directrice en charge des cours de langue est Sheila Knowles, professeure qualifi\u00e9e poss\u00e9dant de longues ann\u00e9es d\u2019exp\u00e9rience d\u2019enseignement de l\u2019anglais \u00e0 de jeunes \u00e9trangers.<\/p>\n<\/div><\/div><\/div><\/div><\/div><\/div><\/div><\/div><\/div><\/div><\/div><\/section><section class=\"l-section wpb_row height_medium\"><div class=\"l-section-h i-cf\"><div class=\"g-cols vc_row via_flex valign_top type_default stacking_default\"><div class=\"vc_col-sm-6 wpb_column vc_column_container\"><div class=\"vc_column-inner\"><div class=\"wpb_wrapper\"><div class=\"g-cols wpb_row us_custom_2ae65f69 via_flex valign_top type_default stacking_default\"><div class=\"vc_col-sm-12 wpb_column vc_column_container\"><div class=\"vc_column-inner\"><div class=\"wpb_wrapper\"><div class=\"w-image align_none\"><div class=\"w-image-h\"><img decoding=\"async\" width=\"1000\" height=\"667\" src=\"https:\/\/www.keyinstitute.ie\/wp-content\/uploads\/2018\/12\/18SligoRidingCentre_412JC-1024x683.jpg\" class=\"attachment-large size-large\" alt=\"\" loading=\"lazy\" srcset=\"https:\/\/www.keyinstitute.ie\/wp-content\/uploads\/2018\/12\/18SligoRidingCentre_412JC-1024x683.jpg 1024w, https:\/\/www.keyinstitute.ie\/wp-content\/uploads\/2018\/12\/18SligoRidingCentre_412JC-300x200.jpg 300w, https:\/\/www.keyinstitute.ie\/wp-content\/uploads\/2018\/12\/18SligoRidingCentre_412JC.jpg 1866w\" sizes=\"auto, (max-width: 1000px) 100vw, 1000px\" \/><\/div><\/div><\/div><\/div><\/div><\/div><\/div><\/div><\/div><div class=\"vc_col-sm-6 wpb_column vc_column_container\"><div class=\"vc_column-inner\"><div class=\"wpb_wrapper\"><div class=\"wpb_text_column\"><div class=\"wpb_wrapper\"><h3>LES INSTALLATIONS<\/h3>\n<ul>\n<li>3 salles de cours pour les cours de langue<\/li>\n<li>Ecuries pour 70 chevaux, un grand man\u00e8ge couvert, 55m x 30m<\/li>\n<li>2 carri\u00e8res ext\u00e9rieures, 90x 40 m\u00a0 45m x 25m<\/li>\n<li>3 parcours de cross, 1 pour les d\u00e9butants 1 pour les interm\u00e9diaires et un praticable par tous les temps<\/li>\n<li>Un club house confortable avec vue sur le man\u00e8ge couvert<\/li>\n<li>Installations sur place permettant d\u2019accueillir 40 jeunes<\/li>\n<li>Une buanderie<\/li>\n<li>Vestiaire avec casier personnel pour chaque jeune afin de garder leur \u00e9quipement sportif et leurs livre.<\/li>\n<\/ul>\n<\/div><\/div><\/div><\/div><\/div><\/div><\/div><\/section><section class=\"l-section wpb_row height_medium\"><div class=\"l-section-h i-cf\"><div class=\"g-cols vc_row via_flex valign_top type_default stacking_default\"><div class=\"vc_col-sm-12 wpb_column vc_column_container\"><div class=\"vc_column-inner\"><div class=\"wpb_wrapper\">[rev_slider_vc alias=\u00a0\u00bbabout-us-bottom\u00a0\u00bb]<\/div><\/div><\/div><\/div><\/div><\/section>\n","protected":false},"excerpt":{"rendered":"[rev_slider_vc alias=\"about-us-fr\"]D\u00e9COUVREZ L\u2019IRLANDE DU KEY INSTITUTE ! Si vous aimez la nature, le sport, et appr\u00e9ciez rencontrer des personnes accueillantes, vous adorerez l\u2019Irlande, le pays du cheval. C\u2019est v\u00e9ritablement un endroit magnifique pour apprendre l\u2019anglais. A Sligo, vous d\u00e9couvrirez le charme et le fameux accueil irlandais. C\u2019est dans ce riche et unique environnement, que le...","protected":false},"author":1,"featured_media":0,"parent":0,"menu_order":0,"comment_status":"closed","ping_status":"closed","template":"","meta":{"footnotes":""},"class_list":["post-390","page","type-page","status-publish","hentry"],"_links":{"self":[{"href":"https:\/\/www.keyinstitute.ie\/fr\/wp-json\/wp\/v2\/pages\/390","targetHints":{"allow":["GET"]}}],"collection":[{"href":"https:\/\/www.keyinstitute.ie\/fr\/wp-json\/wp\/v2\/pages"}],"about":[{"href":"https:\/\/www.keyinstitute.ie\/fr\/wp-json\/wp\/v2\/types\/page"}],"author":[{"embeddable":true,"href":"https:\/\/www.keyinstitute.ie\/fr\/wp-json\/wp\/v2\/users\/1"}],"replies":[{"embeddable":true,"href":"https:\/\/www.keyinstitute.ie\/fr\/wp-json\/wp\/v2\/comments?post=390"}],"version-history":[{"count":13,"href":"https:\/\/www.keyinstitute.ie\/fr\/wp-json\/wp\/v2\/pages\/390\/revisions"}],"predecessor-version":[{"id":973,"href":"https:\/\/www.keyinstitute.ie\/fr\/wp-json\/wp\/v2\/pages\/390\/revisions\/973"}],"wp:attachment":[{"href":"https:\/\/www.keyinstitute.ie\/fr\/wp-json\/wp\/v2\/media?parent=390"}],"curies":[{"name":"wp","href":"https:\/\/api.w.org\/{rel}","templated":true}]}}