{"id":395,"date":"2018-11-21T03:47:57","date_gmt":"2018-11-21T03:47:57","guid":{"rendered":"https:\/\/www.keyinstitute.ie\/accommodation\/"},"modified":"2026-01-07T15:20:33","modified_gmt":"2026-01-07T15:20:33","slug":"accommodation","status":"publish","type":"page","link":"https:\/\/www.keyinstitute.ie\/fr\/accommodation\/","title":{"rendered":"LE LOGEMENT"},"content":{"rendered":"<section class=\"l-section wpb_row banner height_medium\"><div class=\"l-section-h i-cf\"><div class=\"g-cols vc_row via_flex valign_top type_default stacking_default\"><div class=\"vc_col-sm-12 wpb_column vc_column_container\"><div class=\"vc_column-inner\"><div class=\"wpb_wrapper\">[rev_slider_vc alias=\u00a0\u00bbaccomodation-fr\u00a0\u00bb]<\/div><\/div><\/div><\/div><\/div><\/section><section class=\"l-section wpb_row height_medium\"><div class=\"l-section-h i-cf\"><div class=\"g-cols vc_row via_flex valign_top type_default stacking_default\"><div class=\"vc_col-sm-8 wpb_column vc_column_container\"><div class=\"vc_column-inner\"><div class=\"wpb_wrapper\"><div class=\"wpb_text_column\"><div class=\"wpb_wrapper\"><p><strong><u>LE LOGEMENT<\/u><\/strong><\/p>\n<p>Les jeunes ont le choix de l&rsquo;h\u00e9bergement.<\/p>\n<p>Nous proposons un h\u00e9bergement au\u00a0 centre \u00e9questre ou dans une famille d&rsquo;accueil.<\/p>\n<p><strong>LOGEMENT DANS LE CENTRE EQUESTRE\u00a0 <\/strong><\/p>\n<p>Au centre \u00e9questre, nous disposons d\u2019un h\u00e9bergement pour 40 \u00e9tudiants. Les \u00e9tudiants sont sous la direction de 3 chefs de groupe qui vivent \u00e9galement au centre \u00e9questre. Ils\u00a0 logent dans des chambres \u00e0 plusieurs lits avec salle de bains ou douche. Les repas sont pris en groupe dans notre salle \u00e0 manger.<\/p>\n<p>N&rsquo;oubliez pas que vous partagerez votre chambre avec d&rsquo;autres jeunes du monde entier afin d&rsquo;am\u00e9liorer vos comp\u00e9tences linguistiques!<\/p>\n<p>L\u2019h\u00e9bergement au centre \u00e9questre convient aux adolescents qui pr\u00e9f\u00e8rent \u00eatre en groupe, mais \u00e9galement aux jeunes \u00e9tudiants, aux adolescents un peu timides et qui n\u2019ont pas confiance en leurs comp\u00e9tences linguistiques, et bien s\u00fbr aux jeunes qui veulent \u00eatre proches des chevaux et des \u00a0jeunes irlandais qui montent au centre toute l\u2019ann\u00e9e\u00a0! \u00a0\u00bb<\/p>\n<p><strong><u>LOGEMENT EN\u00a0 FAMILLE H\u00d4TE.<\/u><\/strong><\/p>\n<p>Nous connaissons personnellement toutes nos familles d&rsquo;accueil. Elles accueillent des jeunes depuis des ann\u00e9es. Toutes les familles d\u2019accueil sont sp\u00e9cialement choisies par le Key Institute pour leur convivialit\u00e9 et le confort de leur foyer, garantissant ainsi une exp\u00e9rience agr\u00e9able pour tous.<\/p>\n<p>Dans chaque famille d&rsquo;accueil, il y a 2 ou 3 adolescents de langues maternelles diff\u00e9rentes. Il n&rsquo;y a jamais 2 adolescents de la m\u00eame langue dans une famille d&rsquo;accueil.<\/p>\n<p>Les familles d\u2019accueil se trouvent dans la ville de Sligo, dans le village de Strandhill et dans les environs du Key Institute.<\/p>\n<p>Les renseignements concernant la\u00a0 famille d&rsquo;accueil vous sont envoy\u00e9s par courrier \u00e9lectronique 4 semaines avant le d\u00e9part.<\/p>\n<p>Le logement en famille d\u2019accueil convient aux jeunes sociables et aux adeptes de l\u2019anglais.<\/p>\n<h3><\/h3>\n<\/div><\/div><\/div><\/div><\/div><div class=\"vc_col-sm-4 wpb_column vc_column_container\"><div class=\"vc_column-inner\"><div class=\"wpb_wrapper\"><div class=\"wpb_text_column head\"><div class=\"wpb_wrapper\"><h3>Emploi du temps type<\/h3>\n<\/div><\/div><div class=\"wpb_text_column boxed\"><div class=\"wpb_wrapper\"><p><strong>9.30:<\/strong> Cours de langue anglaise<\/p>\n<p><strong>12.30:<\/strong> D\u00e9jeuner pris en groupe dans le club house.<\/p>\n<p><strong>14.00:<\/strong> Cours d&rsquo;\u00e9quitation<\/p>\n<p><strong>18.00 Le dejeuner<\/strong><\/p>\n<p><strong>19.30:<\/strong> Transport par bus pour activit\u00e9<\/p>\n<p><strong>22.00:<\/strong> Transport par bus vers Le logement<\/p>\n<p><strong>Samedi:<\/strong> Excursion en groupe \u00e0 sligo, suivi du barbecue au centre.<\/p>\n<p><strong>Dimanche:<\/strong> Comp\u00e9tition.<\/p>\n<\/div><\/div><div class=\"wpb_text_column head\"><div class=\"wpb_wrapper\"><h3>Activit\u00e9s<\/h3>\n<\/div><\/div><div class=\"wpb_text_column boxed\"><div class=\"wpb_wrapper\"><p>Pendant 5 soir\u00e9es de la semaine, les jeunes auront des activit\u00e9s supervis\u00e9es en groupe telles que cin\u00e9ma, disco, barbecue, et du surf.<\/p>\n<p>Les 2 autres soir\u00e9es sont pass\u00e9es avec la famille d\u2019accueil ou au centre \u00e9questre.<\/p>\n<\/div><\/div><\/div><\/div><\/div><\/div><\/div><\/section><section class=\"l-section wpb_row height_medium\"><div class=\"l-section-h i-cf\"><div class=\"g-cols vc_row via_flex valign_top type_default stacking_default\"><div class=\"vc_col-sm-12 wpb_column vc_column_container\"><div class=\"vc_column-inner\"><div class=\"wpb_wrapper\">[rev_slider_vc alias=\u00a0\u00bbaccommodation-bottom\u00a0\u00bb]<\/div><\/div><\/div><\/div><\/div><\/section>\n","protected":false},"excerpt":{"rendered":"[rev_slider_vc alias=\"accomodation-fr\"]LE LOGEMENT Les jeunes ont le choix de l&rsquo;h\u00e9bergement. Nous proposons un h\u00e9bergement au\u00a0 centre \u00e9questre ou dans une famille d&rsquo;accueil. LOGEMENT DANS LE CENTRE EQUESTRE\u00a0 Au centre \u00e9questre, nous disposons d\u2019un h\u00e9bergement pour 40 \u00e9tudiants. Les \u00e9tudiants sont sous la direction de 3 chefs de groupe qui vivent \u00e9galement au centre \u00e9questre. Ils\u00a0...","protected":false},"author":1,"featured_media":0,"parent":0,"menu_order":0,"comment_status":"closed","ping_status":"closed","template":"","meta":{"footnotes":""},"class_list":["post-395","page","type-page","status-publish","hentry"],"_links":{"self":[{"href":"https:\/\/www.keyinstitute.ie\/fr\/wp-json\/wp\/v2\/pages\/395","targetHints":{"allow":["GET"]}}],"collection":[{"href":"https:\/\/www.keyinstitute.ie\/fr\/wp-json\/wp\/v2\/pages"}],"about":[{"href":"https:\/\/www.keyinstitute.ie\/fr\/wp-json\/wp\/v2\/types\/page"}],"author":[{"embeddable":true,"href":"https:\/\/www.keyinstitute.ie\/fr\/wp-json\/wp\/v2\/users\/1"}],"replies":[{"embeddable":true,"href":"https:\/\/www.keyinstitute.ie\/fr\/wp-json\/wp\/v2\/comments?post=395"}],"version-history":[{"count":12,"href":"https:\/\/www.keyinstitute.ie\/fr\/wp-json\/wp\/v2\/pages\/395\/revisions"}],"predecessor-version":[{"id":980,"href":"https:\/\/www.keyinstitute.ie\/fr\/wp-json\/wp\/v2\/pages\/395\/revisions\/980"}],"wp:attachment":[{"href":"https:\/\/www.keyinstitute.ie\/fr\/wp-json\/wp\/v2\/media?parent=395"}],"curies":[{"name":"wp","href":"https:\/\/api.w.org\/{rel}","templated":true}]}}