{"id":396,"date":"2018-11-21T03:48:58","date_gmt":"2018-11-21T03:48:58","guid":{"rendered":"https:\/\/www.keyinstitute.ie\/book-a-course\/"},"modified":"2026-01-07T15:10:37","modified_gmt":"2026-01-07T15:10:37","slug":"book-a-course-3","status":"publish","type":"page","link":"https:\/\/www.keyinstitute.ie\/fr\/book-a-course-3\/","title":{"rendered":"Book a Course"},"content":{"rendered":"<section class=\"l-section wpb_row boxes banner height_medium width_full\"><div class=\"l-section-h i-cf\"><div class=\"g-cols vc_row via_flex valign_bottom type_default stacking_default\"><div class=\"vc_col-sm-4 wpb_column vc_column_container\"><div class=\"vc_column-inner\"><div class=\"wpb_wrapper\"><div class=\"g-cols wpb_row us_custom_33aa34bd box1 via_flex valign_bottom type_default stacking_default\"><div class=\"vc_col-sm-12 wpb_column vc_column_container has_text_color\"><div class=\"vc_column-inner us_custom_6df4bc3a\"><div class=\"wpb_wrapper\"><div class=\"wpb_text_column\"><div class=\"wpb_wrapper\"><h2 style=\"text-align: center;\"><strong>Equitation Et Langue<\/strong><br \/>\n<strong>(Coureurs novices \u00e0 interm\u00e9diaires)<\/strong><\/h2>\n<p style=\"text-align: center;\"><a href=\"https:\/\/www.keyinstitute.ie\/fr\/online-booking-form\/\">R\u00e9server Maintenant<\/a><\/p>\n<\/div><\/div><\/div><\/div><\/div><\/div><\/div><\/div><\/div><div class=\"vc_col-sm-4 wpb_column vc_column_container\"><div class=\"vc_column-inner\"><div class=\"wpb_wrapper\"><div class=\"g-cols wpb_row us_custom_8993cabc box1 via_flex valign_bottom type_default stacking_default\"><div class=\"vc_col-sm-12 wpb_column vc_column_container has_text_color\"><div class=\"vc_column-inner us_custom_6df4bc3a\"><div class=\"wpb_wrapper\"><div class=\"wpb_text_column\"><div class=\"wpb_wrapper\"><h2 style=\"text-align: center;\"><strong>Equitation et Langue<\/strong><\/h2>\n<h2 style=\"text-align: center;\"><strong>Niveau D\u2019equitation Avance Et Focalisation Sur Le Saut D\u2019obstacles<\/strong><\/h2>\n<p id=\"tw-target-text\" class=\"tw-data-text tw-ta tw-text-medium\" dir=\"ltr\" style=\"text-align: center;\" data-placeholder=\"Translation\"><a href=\"https:\/\/www.keyinstitute.ie\/fr\/online-booking-form\/\"><span lang=\"fr\">R\u00e9server Maintenant<\/span><\/a><\/p>\n<\/div><\/div><\/div><\/div><\/div><\/div><\/div><\/div><\/div><div class=\"vc_col-sm-4 wpb_column vc_column_container\"><div class=\"vc_column-inner\"><div class=\"wpb_wrapper\"><div class=\"g-cols wpb_row us_custom_a34689aa box1 via_flex valign_bottom type_default stacking_default\"><div class=\"vc_col-sm-12 wpb_column vc_column_container has_text_color\"><div class=\"vc_column-inner us_custom_6df4bc3a\"><div class=\"wpb_wrapper\"><div class=\"wpb_text_column\"><div class=\"wpb_wrapper\"><h2 style=\"text-align: center;\"><strong>Programme Equitation Et Langue: <\/strong><br \/>\n<strong>Programme De Saut Intensif<\/strong><\/h2>\n<p style=\"text-align: center;\"><a href=\"https:\/\/www.keyinstitute.ie\/fr\/online-booking-form\/\">R\u00e9server Maintenant<\/a><\/p>\n<\/div><\/div><\/div><\/div><\/div><\/div><\/div><\/div><\/div><\/div><\/div><\/section>\n","protected":false},"excerpt":{"rendered":"Equitation Et Langue (Coureurs novices \u00e0 interm\u00e9diaires) R\u00e9server Maintenant Equitation et Langue Niveau D\u2019equitation Avance Et Focalisation Sur Le Saut D\u2019obstacles R\u00e9server Maintenant Programme Equitation Et Langue: Programme De Saut Intensif R\u00e9server Maintenant","protected":false},"author":1,"featured_media":0,"parent":0,"menu_order":0,"comment_status":"closed","ping_status":"closed","template":"","meta":{"footnotes":""},"class_list":["post-396","page","type-page","status-publish","hentry"],"_links":{"self":[{"href":"https:\/\/www.keyinstitute.ie\/fr\/wp-json\/wp\/v2\/pages\/396","targetHints":{"allow":["GET"]}}],"collection":[{"href":"https:\/\/www.keyinstitute.ie\/fr\/wp-json\/wp\/v2\/pages"}],"about":[{"href":"https:\/\/www.keyinstitute.ie\/fr\/wp-json\/wp\/v2\/types\/page"}],"author":[{"embeddable":true,"href":"https:\/\/www.keyinstitute.ie\/fr\/wp-json\/wp\/v2\/users\/1"}],"replies":[{"embeddable":true,"href":"https:\/\/www.keyinstitute.ie\/fr\/wp-json\/wp\/v2\/comments?post=396"}],"version-history":[{"count":9,"href":"https:\/\/www.keyinstitute.ie\/fr\/wp-json\/wp\/v2\/pages\/396\/revisions"}],"predecessor-version":[{"id":975,"href":"https:\/\/www.keyinstitute.ie\/fr\/wp-json\/wp\/v2\/pages\/396\/revisions\/975"}],"wp:attachment":[{"href":"https:\/\/www.keyinstitute.ie\/fr\/wp-json\/wp\/v2\/media?parent=396"}],"curies":[{"name":"wp","href":"https:\/\/api.w.org\/{rel}","templated":true}]}}