{"id":397,"date":"2018-11-23T15:06:30","date_gmt":"2018-11-23T15:06:30","guid":{"rendered":"https:\/\/www.keyinstitute.ie\/equitation-language-intensive-jumping-programme\/"},"modified":"2026-01-07T15:24:24","modified_gmt":"2026-01-07T15:24:24","slug":"equitation-language-intensive-jumping-programme-3","status":"publish","type":"page","link":"https:\/\/www.keyinstitute.ie\/fr\/equitation-language-intensive-jumping-programme-3\/","title":{"rendered":"PROGRAMME EQUITATION ET LANGUE: PROGRAMME DE SAUT INTENSIF"},"content":{"rendered":"<section class=\"l-section wpb_row banner height_medium\"><div class=\"l-section-h i-cf\"><div class=\"g-cols vc_row via_flex valign_top type_default stacking_default\"><div class=\"vc_col-sm-12 wpb_column vc_column_container\"><div class=\"vc_column-inner\"><div class=\"wpb_wrapper\">[rev_slider_vc alias=\u00a0\u00bbintensive-jumping-prog-fr\u00a0\u00bb]<\/div><\/div><\/div><\/div><\/div><\/section><section class=\"l-section wpb_row height_medium\"><div class=\"l-section-h i-cf\"><div class=\"g-cols vc_row via_flex valign_top type_default stacking_default\"><div class=\"vc_col-sm-8 wpb_column vc_column_container\"><div class=\"vc_column-inner\"><div class=\"wpb_wrapper\"><div class=\"wpb_text_column\"><div class=\"wpb_wrapper\"><h3>Programme Equitation Et Langue: Programme De Saut Intensif<\/h3>\n<p>Ce programme est destin\u00e9 aux bons cavaliers, qui ont un haut niveau d&rsquo;\u00e9quitation et participent \u00e0 des comp\u00e9titions chez eux. Leurs le\u00e7ons sont donn\u00e9s en petits groupes, sur des chevaux \/ poneys de haut niveau, sous la direction personnelle de M. Declan Mc Garry.<br \/>\nLe cours dure 3 heures par jour, du lundi au vendredi (comp\u00e9tition tous les dimanches). Les cavaliers auront des cours de saut en salle et en plein air, en se concentrant sur les parcours de sauts sur des chevaux de comp\u00e9tition.<br \/>\nIl y a aussi des sauts en cross-country et des sorties en plein air dans la campagne et les plages.<br \/>\nCe parcours est r\u00e9serv\u00e9 aux cavaliers confirm\u00e9s, qui sautent 1,00 m en<br \/>\ncomp\u00e9tition.<\/p>\n<\/div><\/div><div class=\"g-cols wpb_row via_flex valign_middle type_default stacking_default\"><div class=\"vc_col-sm-8 wpb_column vc_column_container\"><div class=\"vc_column-inner\"><div class=\"wpb_wrapper\"><div class=\"wpb_text_column\"><div class=\"wpb_wrapper\"><h3>Equitation Et Langue: Saut D\u2019obstacles Intensif Par Semaine \u20ac1990<\/h3>\n<\/div><\/div><\/div><\/div><\/div><div class=\"vc_col-sm-4 wpb_column vc_column_container\"><div class=\"vc_column-inner\"><div class=\"wpb_wrapper\"><div class=\"w-btn-wrapper align_none\"><a class=\"w-btn us-btn-style_1\" href=\"#\"><span class=\"w-btn-label\">R\u00e9servez Maintenant!<\/span><\/a><\/div><\/div><\/div><\/div><\/div><div class=\"wpb_text_column\"><div class=\"wpb_wrapper\"><p>Le Rendez-vous \u00e0 l&rsquo;a\u00e9roport de Dublin et le transfert au Key Institute.<\/p>\n<ul>\n<li>Le Retour \u00e0 l&rsquo;a\u00e9roport de Dublin et l\u2019assistance \u00e0 l&rsquo;enregistrement.<\/li>\n<li>Les Cours de langue et les cours de sport.<\/li>\n<li>L\u2019H\u00e9bergement et tous les repas.<\/li>\n<li>Les Activit\u00e9s telles que d\u00e9crites.<\/li>\n<li>Tous les transports locaux.<\/li>\n<\/ul>\n<\/div><\/div><\/div><\/div><\/div><div class=\"vc_col-sm-4 wpb_column vc_column_container has_text_color\"><div class=\"vc_column-inner us_custom_953e435f\"><div class=\"wpb_wrapper\"><div class=\"wpb_text_column head\"><div class=\"wpb_wrapper\"><h3>L&rsquo;\u00e9quipement \u00e0 apporter<\/h3>\n<\/div><\/div><div class=\"wpb_text_column boxed\"><div class=\"wpb_wrapper\"><ul>\n<li>Casque d&rsquo;\u00e9quitation et bon manteau d&rsquo;\u00e9quitation de plein air.<\/li>\n<li>Bottes d&rsquo;\u00e9quitation, chaps ou bottines et demi chaps.<\/li>\n<li>Un petit sac \u00e0 dos. Un bloc-notes et des stylos.<\/li>\n<\/ul>\n<\/div><\/div><div class=\"wpb_text_column head\"><div class=\"wpb_wrapper\"><h3>Calendrier des Stages<\/h3>\n<\/div><\/div><div class=\"wpb_text_column boxed\"><div class=\"wpb_wrapper\"><p><strong>Nos cours ont lieu toutes les semaines (dim \u2013 dim) du 14\/6-30\/8<\/strong><\/p>\n<p><strong>Toutes les arriv\u00e9es et tous les d\u00e9parts se font le dimanche.<\/strong><\/p>\n<\/div><\/div><\/div><\/div><\/div><\/div><\/div><\/section><section class=\"l-section wpb_row height_medium\"><div class=\"l-section-h i-cf\"><div class=\"g-cols vc_row via_flex valign_top type_default stacking_default\"><div class=\"vc_col-sm-12 wpb_column vc_column_container\"><div class=\"vc_column-inner\"><div class=\"wpb_wrapper\">[rev_slider_vc alias=\u00a0\u00bbequitation-language-intensive-bottom\u00a0\u00bb]<\/div><\/div><\/div><\/div><\/div><\/section>\n","protected":false},"excerpt":{"rendered":"[rev_slider_vc alias=\"intensive-jumping-prog-fr\"]Programme Equitation Et Langue: Programme De Saut Intensif Ce programme est destin\u00e9 aux bons cavaliers, qui ont un haut niveau d&rsquo;\u00e9quitation et participent \u00e0 des comp\u00e9titions chez eux. Leurs le\u00e7ons sont donn\u00e9s en petits groupes, sur des chevaux \/ poneys de haut niveau, sous la direction personnelle de M. Declan Mc Garry. Le cours...","protected":false},"author":1,"featured_media":0,"parent":0,"menu_order":0,"comment_status":"closed","ping_status":"closed","template":"","meta":{"footnotes":""},"class_list":["post-397","page","type-page","status-publish","hentry"],"_links":{"self":[{"href":"https:\/\/www.keyinstitute.ie\/fr\/wp-json\/wp\/v2\/pages\/397","targetHints":{"allow":["GET"]}}],"collection":[{"href":"https:\/\/www.keyinstitute.ie\/fr\/wp-json\/wp\/v2\/pages"}],"about":[{"href":"https:\/\/www.keyinstitute.ie\/fr\/wp-json\/wp\/v2\/types\/page"}],"author":[{"embeddable":true,"href":"https:\/\/www.keyinstitute.ie\/fr\/wp-json\/wp\/v2\/users\/1"}],"replies":[{"embeddable":true,"href":"https:\/\/www.keyinstitute.ie\/fr\/wp-json\/wp\/v2\/comments?post=397"}],"version-history":[{"count":20,"href":"https:\/\/www.keyinstitute.ie\/fr\/wp-json\/wp\/v2\/pages\/397\/revisions"}],"predecessor-version":[{"id":984,"href":"https:\/\/www.keyinstitute.ie\/fr\/wp-json\/wp\/v2\/pages\/397\/revisions\/984"}],"wp:attachment":[{"href":"https:\/\/www.keyinstitute.ie\/fr\/wp-json\/wp\/v2\/media?parent=397"}],"curies":[{"name":"wp","href":"https:\/\/api.w.org\/{rel}","templated":true}]}}