{"id":398,"date":"2018-11-23T14:47:59","date_gmt":"2018-11-23T14:47:59","guid":{"rendered":"https:\/\/www.keyinstitute.ie\/equitation-language-novice-to-intermediate\/"},"modified":"2026-01-07T15:12:46","modified_gmt":"2026-01-07T15:12:46","slug":"equitation-language-novice-to-intermediate-3","status":"publish","type":"page","link":"https:\/\/www.keyinstitute.ie\/fr\/equitation-language-novice-to-intermediate-3\/","title":{"rendered":"Equitation Et Langue (Cavaliers novices \u00e0 interm\u00e9diaires)"},"content":{"rendered":"<section class=\"l-section wpb_row banner height_medium\"><div class=\"l-section-h i-cf\"><div class=\"g-cols vc_row via_flex valign_top type_default stacking_default\"><div class=\"vc_col-sm-12 wpb_column vc_column_container\"><div class=\"vc_column-inner\"><div class=\"wpb_wrapper\">[rev_slider_vc alias=\u00a0\u00bbnovice-to-inter-fr\u00a0\u00bb]<\/div><\/div><\/div><\/div><\/div><\/section><section class=\"l-section wpb_row height_medium\"><div class=\"l-section-h i-cf\"><div class=\"g-cols vc_row via_flex valign_top type_default stacking_default\"><div class=\"vc_col-sm-8 wpb_column vc_column_container\"><div class=\"vc_column-inner\"><div class=\"wpb_wrapper\"><div class=\"wpb_text_column\"><div class=\"wpb_wrapper\"><h2>Programme<\/h2>\n<h4>Equitation Et Langue (Cavaliers novices \u00e0 interm\u00e9diaires)<\/h4>\n<p>Id\u00e9al pour les jeunes de 10 \u00e0 19 ans, cavaliers novices \u00e0 interm\u00e9diaires (pas de d\u00e9butants). L\u2019objectif de ce cours est d\u2019apprendre tout en s\u2019amusant\u00a0! Les cavaliers am\u00e9liorent leur mont\u00e9 gr\u00e2ce \u00e0 des cours structur\u00e9es donn\u00e9es dans notre man\u00e8ge couvert, des randonn\u00e9es en toute s\u00e9curit\u00e9 dans la campagne environnante sur des chevaux et poneys bien dress\u00e9s.\u00a0 Les cours d\u2019\u00e9quitation durent 3 heures par jours, ils associent \u00e9galement\u00a0 l\u2019apprentissage de la pr\u00e9paration, du sellage du cheval et du brossage et dessellage apr\u00e8s les cours.<\/p>\n<\/div><\/div><div class=\"g-cols wpb_row via_flex valign_middle type_default stacking_default\"><div class=\"vc_col-sm-8 wpb_column vc_column_container\"><div class=\"vc_column-inner\"><div class=\"wpb_wrapper\"><div class=\"wpb_text_column\"><div class=\"wpb_wrapper\"><h3>Equitation et Langue par semaine \u20ac1450<\/h3>\n<\/div><\/div><\/div><\/div><\/div><div class=\"vc_col-sm-4 wpb_column vc_column_container\"><div class=\"vc_column-inner\"><div class=\"wpb_wrapper\"><div class=\"w-btn-wrapper align_none\"><a class=\"w-btn us-btn-style_1\" href=\"#\"><span class=\"w-btn-label\">Reserver Maintenant<\/span><\/a><\/div><\/div><\/div><\/div><\/div><div class=\"wpb_text_column\"><div class=\"wpb_wrapper\"><p><strong>Suppl\u00e9ment de \u20ac50 par semaine pour r\u00e9gime sp\u00e9cial, sans gluten, coeliaque etc.<\/strong><\/p>\n<p>Le Rendez-vous \u00e0 l&rsquo;a\u00e9roport de Dublin et le transfert au Key Institute.<\/p>\n<ul>\n<li>\u00a0Le Retour \u00e0 l&rsquo;a\u00e9roport de Dublin et l\u2019assistance \u00e0 l&rsquo;enregistrement.<\/li>\n<li>Les Cours de langue et les cours de sport.<\/li>\n<li>L\u2019H\u00e9bergement et tous les repas.<\/li>\n<li>Les Activit\u00e9s telles que d\u00e9crites.<\/li>\n<li>Tous les transports locaux.<\/li>\n<\/ul>\n<\/div><\/div><\/div><\/div><\/div><div class=\"vc_col-sm-4 wpb_column vc_column_container\"><div class=\"vc_column-inner\"><div class=\"wpb_wrapper\"><div class=\"wpb_text_column head\"><div class=\"wpb_wrapper\"><h3>L&rsquo;\u00e9quipement \u00e0 apporter<\/h3>\n<\/div><\/div><div class=\"wpb_text_column boxed\"><div class=\"wpb_wrapper\"><p>Casque d&rsquo;\u00e9quitation et bon manteau d&rsquo;\u00e9quitation de plein air.<\/p>\n<p>Bottes d&rsquo;\u00e9quitation, chaps ou bottines et demi chaps.<\/p>\n<p>Un petit sac \u00e0 dos. Un bloc-notes et des stylos.<\/p>\n<\/div><\/div><div class=\"wpb_text_column head\"><div class=\"wpb_wrapper\"><h3>Calendrier des Stages<\/h3>\n<\/div><\/div><div class=\"wpb_text_column boxed\"><div class=\"wpb_wrapper\"><p><strong>Nos cours ont lieu chaque semaine<\/strong><br \/>\n<strong>(Dim \u2013 Dim) du 14\/6-30\/8<\/strong><\/p>\n<p><strong>Toutes les arriv\u00e9es et tous les d\u00e9parts se font le dimanche.<\/strong><\/p>\n<\/div><\/div><\/div><\/div><\/div><\/div><\/div><\/section><section class=\"l-section wpb_row height_medium\"><div class=\"l-section-h i-cf\"><div class=\"g-cols vc_row via_flex valign_top type_default stacking_default\"><div class=\"vc_col-sm-12 wpb_column vc_column_container\"><div class=\"vc_column-inner\"><div class=\"wpb_wrapper\">[rev_slider_vc alias=\u00a0\u00bbequitation-language-novice-to-intermediate-bottom\u00a0\u00bb]<\/div><\/div><\/div><\/div><\/div><\/section>\n","protected":false},"excerpt":{"rendered":"[rev_slider_vc alias=\"novice-to-inter-fr\"]Programme Equitation Et Langue (Cavaliers novices \u00e0 interm\u00e9diaires) Id\u00e9al pour les jeunes de 10 \u00e0 19 ans, cavaliers novices \u00e0 interm\u00e9diaires (pas de d\u00e9butants). L\u2019objectif de ce cours est d\u2019apprendre tout en s\u2019amusant\u00a0! Les cavaliers am\u00e9liorent leur mont\u00e9 gr\u00e2ce \u00e0 des cours structur\u00e9es donn\u00e9es dans notre man\u00e8ge couvert, des randonn\u00e9es en toute s\u00e9curit\u00e9 dans...","protected":false},"author":1,"featured_media":0,"parent":0,"menu_order":0,"comment_status":"closed","ping_status":"closed","template":"","meta":{"footnotes":""},"class_list":["post-398","page","type-page","status-publish","hentry"],"_links":{"self":[{"href":"https:\/\/www.keyinstitute.ie\/fr\/wp-json\/wp\/v2\/pages\/398","targetHints":{"allow":["GET"]}}],"collection":[{"href":"https:\/\/www.keyinstitute.ie\/fr\/wp-json\/wp\/v2\/pages"}],"about":[{"href":"https:\/\/www.keyinstitute.ie\/fr\/wp-json\/wp\/v2\/types\/page"}],"author":[{"embeddable":true,"href":"https:\/\/www.keyinstitute.ie\/fr\/wp-json\/wp\/v2\/users\/1"}],"replies":[{"embeddable":true,"href":"https:\/\/www.keyinstitute.ie\/fr\/wp-json\/wp\/v2\/comments?post=398"}],"version-history":[{"count":13,"href":"https:\/\/www.keyinstitute.ie\/fr\/wp-json\/wp\/v2\/pages\/398\/revisions"}],"predecessor-version":[{"id":977,"href":"https:\/\/www.keyinstitute.ie\/fr\/wp-json\/wp\/v2\/pages\/398\/revisions\/977"}],"wp:attachment":[{"href":"https:\/\/www.keyinstitute.ie\/fr\/wp-json\/wp\/v2\/media?parent=398"}],"curies":[{"name":"wp","href":"https:\/\/api.w.org\/{rel}","templated":true}]}}