{"id":400,"date":"2018-11-23T14:58:42","date_gmt":"2018-11-23T14:58:42","guid":{"rendered":"https:\/\/www.keyinstitute.ie\/equitation-language-advanced-focus-on-jumping\/"},"modified":"2026-01-07T15:22:37","modified_gmt":"2026-01-07T15:22:37","slug":"equitation-language-advanced-focus-on-jumping-3","status":"publish","type":"page","link":"https:\/\/www.keyinstitute.ie\/fr\/equitation-language-advanced-focus-on-jumping-3\/","title":{"rendered":"Niveau D\u2019\u00c9quitation Avanc\u00e9 Et Focalisation Sur Le Saut D\u2019obstacles"},"content":{"rendered":"<section class=\"l-section wpb_row banner height_medium\"><div class=\"l-section-h i-cf\"><div class=\"g-cols vc_row via_flex valign_top type_default stacking_default\"><div class=\"vc_col-sm-12 wpb_column vc_column_container\"><div class=\"vc_column-inner\"><div class=\"wpb_wrapper\">[rev_slider_vc alias=\u00a0\u00bbadvanced-fr\u00a0\u00bb]<\/div><\/div><\/div><\/div><\/div><\/section><section class=\"l-section wpb_row height_medium\"><div class=\"l-section-h i-cf\"><div class=\"g-cols vc_row via_flex valign_top type_default stacking_default\"><div class=\"vc_col-sm-8 wpb_column vc_column_container\"><div class=\"vc_column-inner\"><div class=\"wpb_wrapper\"><div class=\"wpb_text_column\"><div class=\"wpb_wrapper\"><h2>Programme: Equitation Et Langue<\/h2>\n<h2>Niveau d\u2019Equitation Avanc\u00e9 Et Focalisation Sur Le Saut D\u2019obstacles<\/h2>\n<p>Id\u00e9al pour les jeunes de 10 \u00e0 19 ans. Ce cours d&rsquo;\u00e9quitation convient aux cavaliers interm\u00e9diaires qui prennent d\u00e9j\u00e0 des cours de saut d\u2019obstacles dans leur pays. Le cours dure 3 heures par jour, du lundi au vendredi, avec une comp\u00e9tition chaque dimanche. Le cours est ax\u00e9 sur le saut d&rsquo;obstacles. Chaque journ\u00e9e comprend des le\u00e7ons de saut en salle et en plein air, sur des poneys et des chevaux adapt\u00e9s, des sauts en ext\u00e9rieur sur nos parcours de cross et, en g\u00e9n\u00e9ral, une journ\u00e9e par semaine sur la plage.<\/p>\n<p><strong>N.B. Ce parcours convient aux cavaliers sautant 70 cm en comp\u00e9tition.<\/strong><\/p>\n<\/div><\/div><div class=\"g-cols wpb_row via_flex valign_middle type_default stacking_default\"><div class=\"vc_col-sm-8 wpb_column vc_column_container\"><div class=\"vc_column-inner\"><div class=\"wpb_wrapper\"><div class=\"wpb_text_column\"><div class=\"wpb_wrapper\"><h3>Equitation Et Langue: Equitation Niveau Avance (Objectif Saut D\u2019obstacles) Par Semaine \u20ac1700.00<\/h3>\n<\/div><\/div><\/div><\/div><\/div><div class=\"vc_col-sm-4 wpb_column vc_column_container\"><div class=\"vc_column-inner\"><div class=\"wpb_wrapper\"><div class=\"w-btn-wrapper align_none\"><a class=\"w-btn us-btn-style_1\" href=\"#\"><span class=\"w-btn-label\">Reserve Maintenant<\/span><\/a><\/div><\/div><\/div><\/div><\/div><div class=\"wpb_text_column\"><div class=\"wpb_wrapper\"><p><strong>Suppl\u00e9ment de \u20ac50 par semaine pour r\u00e9gime sp\u00e9cial, sans gluten, coeliaque etc<\/strong><\/p>\n<p>Nos Tarifs IncluentLe Rendez-vous \u00e0 l&rsquo;a\u00e9roport de Dublin et le transfert au\u00a0 Key Institute.<\/p>\n<ul>\n<li>Le Retour \u00e0 l&rsquo;a\u00e9roport de Dublin et l\u2019assistance \u00e0 l&rsquo;enregistrement.<\/li>\n<li>Les Cours de langue et les cours de sport.<\/li>\n<li>L\u2019H\u00e9bergement et tous les repas.<\/li>\n<li>Les Activit\u00e9s telles que d\u00e9crites.<\/li>\n<li>Tous les transports locaux.<\/li>\n<\/ul>\n<\/div><\/div><\/div><\/div><\/div><div class=\"vc_col-sm-4 wpb_column vc_column_container\"><div class=\"vc_column-inner\"><div class=\"wpb_wrapper\"><div class=\"wpb_text_column head\"><div class=\"wpb_wrapper\"><h3>L&rsquo;\u00e9quipement \u00e0 apporter<\/h3>\n<\/div><\/div><div class=\"wpb_text_column boxed\"><div class=\"wpb_wrapper\"><ul>\n<li>Casque d&rsquo;\u00e9quitation et bon manteau d&rsquo;\u00e9quitation de plein air.<\/li>\n<li>Bottes d&rsquo;\u00e9quitation, chaps ou bottines et demi chaps.<\/li>\n<li>Un petit sac \u00e0 dos .Un bloc-notes et des stylos.<\/li>\n<\/ul>\n<\/div><\/div><div class=\"wpb_text_column head\"><div class=\"wpb_wrapper\"><h3>Calendrier des stages<\/h3>\n<\/div><\/div><div class=\"wpb_text_column boxed\"><div class=\"wpb_wrapper\"><p><strong>Nos cours ont lieu toutes les semaines (dim \u2013 dim) du 14\/6-30\/8<\/strong><\/p>\n<p><strong>Toutes les arriv\u00e9es et tous les d\u00e9parts se font le dimanche.<\/strong><\/p>\n<\/div><\/div><\/div><\/div><\/div><\/div><\/div><\/section><section class=\"l-section wpb_row height_medium\"><div class=\"l-section-h i-cf\"><div class=\"g-cols vc_row via_flex valign_top type_default stacking_default\"><div class=\"vc_col-sm-12 wpb_column vc_column_container\"><div class=\"vc_column-inner\"><div class=\"wpb_wrapper\">[rev_slider_vc alias=\u00a0\u00bbequitation-language-advanced-bottom\u00a0\u00bb]<\/div><\/div><\/div><\/div><\/div><\/section>\n","protected":false},"excerpt":{"rendered":"[rev_slider_vc alias=\"advanced-fr\"]Programme: Equitation Et Langue Niveau d\u2019Equitation Avanc\u00e9 Et Focalisation Sur Le Saut D\u2019obstacles Id\u00e9al pour les jeunes de 10 \u00e0 19 ans. Ce cours d&rsquo;\u00e9quitation convient aux cavaliers interm\u00e9diaires qui prennent d\u00e9j\u00e0 des cours de saut d\u2019obstacles dans leur pays. Le cours dure 3 heures par jour, du lundi au vendredi, avec une comp\u00e9tition...","protected":false},"author":1,"featured_media":0,"parent":0,"menu_order":0,"comment_status":"closed","ping_status":"closed","template":"","meta":{"footnotes":""},"class_list":["post-400","page","type-page","status-publish","hentry"],"_links":{"self":[{"href":"https:\/\/www.keyinstitute.ie\/fr\/wp-json\/wp\/v2\/pages\/400","targetHints":{"allow":["GET"]}}],"collection":[{"href":"https:\/\/www.keyinstitute.ie\/fr\/wp-json\/wp\/v2\/pages"}],"about":[{"href":"https:\/\/www.keyinstitute.ie\/fr\/wp-json\/wp\/v2\/types\/page"}],"author":[{"embeddable":true,"href":"https:\/\/www.keyinstitute.ie\/fr\/wp-json\/wp\/v2\/users\/1"}],"replies":[{"embeddable":true,"href":"https:\/\/www.keyinstitute.ie\/fr\/wp-json\/wp\/v2\/comments?post=400"}],"version-history":[{"count":16,"href":"https:\/\/www.keyinstitute.ie\/fr\/wp-json\/wp\/v2\/pages\/400\/revisions"}],"predecessor-version":[{"id":982,"href":"https:\/\/www.keyinstitute.ie\/fr\/wp-json\/wp\/v2\/pages\/400\/revisions\/982"}],"wp:attachment":[{"href":"https:\/\/www.keyinstitute.ie\/fr\/wp-json\/wp\/v2\/media?parent=400"}],"curies":[{"name":"wp","href":"https:\/\/api.w.org\/{rel}","templated":true}]}}