{"id":402,"date":"2018-11-22T09:19:55","date_gmt":"2018-11-22T09:19:55","guid":{"rendered":"https:\/\/www.keyinstitute.ie\/language-and-equitation-courses\/"},"modified":"2024-11-21T14:35:43","modified_gmt":"2024-11-21T14:35:43","slug":"language-and-equitation-courses-3","status":"publish","type":"page","link":"https:\/\/www.keyinstitute.ie\/fr\/language-and-equitation-courses-3\/","title":{"rendered":"Cours de langue et d&rsquo;\u00e9quitation"},"content":{"rendered":"<section class=\"l-section wpb_row banner height_medium\"><div class=\"l-section-h i-cf\"><div class=\"g-cols vc_row via_flex valign_top type_default stacking_default\"><div class=\"vc_col-sm-12 wpb_column vc_column_container\"><div class=\"vc_column-inner\"><div class=\"wpb_wrapper\">[rev_slider_vc alias=\u00a0\u00bbcourses-we-offer-fr\u00a0\u00bb]<\/div><\/div><\/div><\/div><\/div><\/section><section class=\"l-section wpb_row height_medium\"><div class=\"l-section-h i-cf\"><div class=\"g-cols vc_row via_flex valign_top type_default stacking_default\"><div class=\"vc_col-sm-8 wpb_column vc_column_container\"><div class=\"vc_column-inner\"><div class=\"wpb_wrapper\"><div class=\"wpb_text_column\"><div class=\"wpb_wrapper\"><h3><strong>Les Cours De Langue<\/strong><\/h3>\n<p>Le programme de langue anglaise est assur\u00e9 par des enseignants certifi\u00e9s par the Advisory Council for English Language Schools (ACELS) \u2013 organisme certifiant la qualit\u00e9 de l\u2019enseignement de l\u2019anglais<\/p>\n<p><strong>Nous garantissons \u00e0 nos h\u00f4tes un service personnalis\u00e9 et professionnel et nous leur promettons d\u2019excellentes vacances instructives et distrayantes.<\/strong><\/p>\n<p>Les cours de langue ont lieu 5 jours par semaine,\u00a0 du Lundi au Vendredi, 3 heures par jour. Apr\u00e8s avoir pass\u00e9 un test le premier jour, les jeunes sont plac\u00e9s dans un groupe de\u00a0 leur niveau en anglais. Les cours rassemblent grammaire, vocabulaire, compr\u00e9hension de l\u2019oral, travaux par \u00e9crit et conversations.<\/p>\n<\/div><\/div><div class=\"wpb_text_column\"><div class=\"wpb_wrapper\"><h3><strong>Les Cours d\u2019Equitation<\/strong><\/h3>\n<p>Les cours d\u2019\u00e9quitation ont lieu 5 jours par semaine (du lundi au vendredi) et le dimanche. Nous avons 3 cours, adapt\u00e9s pour des cavaliers de tout niveau (sauf d\u00e9butant). L\u2019\u00e9quitation est enseign\u00e9e au travers de le\u00e7ons ( \u00e0 l\u2019int\u00e9rieur comme \u00e0 l\u2019ext\u00e9rieur) de comp\u00e9tition, cross country, promenades \u00e0 cheval en for\u00eat, montagne et sur les plages de l\u2019Atlantique.<\/p>\n<p>Les cavaliers sont supervis\u00e9s et guid\u00e9s pour pr\u00e9parer \u00e0 la monter leurs chevaux\u00a0: pansage, brossage et sellage.<\/p>\n<p>Le programme d\u2019\u00e9quitation est agr\u00e9\u00e9 par le A.I.R.E. (Association irlandaise des \u00e9tablissements \u00e9questres )<\/p>\n<h3><strong>Les Chevaux<\/strong><\/h3>\n<p>L\u2019Institut poss\u00e8de 70 chevaux (chevaux de sport irlandais) et poneys (Poneys Connemara) pour\u00a0 tous\u00a0 les niveaux.<\/p>\n<\/div><\/div><\/div><\/div><\/div><div class=\"vc_col-sm-4 wpb_column vc_column_container\"><div class=\"vc_column-inner\"><div class=\"wpb_wrapper\"><div class=\"wpb_text_column head\"><div class=\"wpb_wrapper\"><h3>What our students say<\/h3>\n<\/div><\/div><div class=\"w-grid boxed type_carousel layout_testimonial_5\" id=\"us_grid_1\" style=\"--gap:30px;\"><style>.layout_testimonial_5 .w-grid-item-h{}.layout_testimonial_5 .usg_post_image_1{width:7rem!important}.layout_testimonial_5 .usg_post_custom_field_1{font-weight:700!important;line-height:1.5!important;margin-bottom:0!important}.layout_testimonial_5 .usg_post_custom_field_2{color:var(--color-content-faded)!important;font-size:0.9rem!important;line-height:1.5!important}.layout_testimonial_5 .usg_post_custom_field_3{color:var(--color-content-primary)!important;font-size:1.2rem!important}<\/style><div class=\"w-grid-list owl-carousel valign_stretch dotstyle_circle navstyle_circle navpos_outside owl-responsive-2000\" style=\"--transition-duration:350ms;\">\t<article class=\"w-grid-item post-406 us_testimonial type-us_testimonial status-publish hentry\" data-id=\"406\">\r\n\t\t<div class=\"w-grid-item-h\">\r\n\t\t\t\t\t\t<div class=\"w-vwrapper usg_vwrapper_2 align_center valign_top\"><div class=\"w-post-elm post_content usg_post_content_1\"><p>\u201cDes souvenirs merveilleux ! J&rsquo;\u00e9tais l\u00e0-bas il y a 2 semaines et je veux y retourner&#8230;\u201d<\/p>\n<p>\u201cUn bel endroit et de belles personnes.\u201d<\/p>\n<\/div><div class=\"w-post-elm post_custom_field usg_post_custom_field_1 type_text us_testimonial_author\"><span class=\"w-post-elm-value\">L'avis des clients<\/span><\/div><div class=\"w-post-elm post_custom_field usg_post_custom_field_2 has_text_color type_text us_testimonial_role color_link_inherit\"><span class=\"w-post-elm-value\"><\/span><\/div><\/div>\t\t<\/div>\r\n\t\t\t<\/article>\r\n\t<article class=\"w-grid-item post-405 us_testimonial type-us_testimonial status-publish hentry\" data-id=\"405\">\r\n\t\t<div class=\"w-grid-item-h\">\r\n\t\t\t\t\t\t<div class=\"w-vwrapper usg_vwrapper_2 align_center valign_top\"><div class=\"w-post-elm post_content usg_post_content_1\"><p>\u201cIls m&rsquo;ont fait me sentir chez moi\u201d<\/p>\n<p>\u201cTr\u00e8s gentils et accueillants\u201d<\/p>\n<\/div><div class=\"w-post-elm post_custom_field usg_post_custom_field_1 type_text us_testimonial_author\"><span class=\"w-post-elm-value\">L'avis des clients<\/span><\/div><div class=\"w-post-elm post_custom_field usg_post_custom_field_2 has_text_color type_text us_testimonial_role color_link_inherit\"><span class=\"w-post-elm-value\"><\/span><\/div><\/div>\t\t<\/div>\r\n\t\t\t<\/article>\r\n<\/div>\t<div class=\"g-preloader type_1\">\r\n\t\t<div><\/div>\r\n\t<\/div>\r\n\t\t<div class=\"w-grid-json hidden\" onclick='return {&quot;action&quot;:&quot;us_ajax_grid&quot;,&quot;infinite_scroll&quot;:0,&quot;max_num_pages&quot;:1,&quot;pagination&quot;:&quot;none&quot;,&quot;template_vars&quot;:{&quot;columns&quot;:&quot;&quot;,&quot;exclude_items&quot;:&quot;none&quot;,&quot;img_size&quot;:&quot;default&quot;,&quot;ignore_items_size&quot;:0,&quot;items_layout&quot;:&quot;testimonial_5&quot;,&quot;items_offset&quot;:&quot;0px&quot;,&quot;load_animation&quot;:&quot;none&quot;,&quot;overriding_link&quot;:&quot;{\\&quot;url\\&quot;:\\&quot;\\&quot;}&quot;,&quot;post_id&quot;:0,&quot;query_args&quot;:{&quot;post_type&quot;:[&quot;us_testimonial&quot;],&quot;post_status&quot;:[&quot;publish&quot;],&quot;posts_per_page&quot;:&quot;999&quot;},&quot;orderby_query_args&quot;:{&quot;orderby&quot;:{&quot;date&quot;:&quot;DESC&quot;}},&quot;type&quot;:&quot;carousel&quot;,&quot;us_grid_post_type&quot;:&quot;us_testimonial&quot;,&quot;us_grid_ajax_index&quot;:1,&quot;us_grid_filter_query_string&quot;:null,&quot;us_grid_index&quot;:1,&quot;page_args&quot;:[],&quot;lang&quot;:&quot;fr&quot;},&quot;carousel_settings&quot;:{&quot;aria_labels&quot;:{&quot;prev&quot;:&quot;Pr\\u00e9c\\u00e9dent&quot;,&quot;next&quot;:&quot;Suivant&quot;},&quot;autoplayContinual&quot;:false,&quot;autoplayHoverPause&quot;:false,&quot;autoplayTimeout&quot;:3000,&quot;fluidSpeed&quot;:350,&quot;margin&quot;:0,&quot;mouseDrag&quot;:true,&quot;rtl&quot;:false,&quot;slideBy&quot;:&quot;1&quot;,&quot;touchDrag&quot;:true,&quot;slideTransition&quot;:&quot;&quot;,&quot;responsive&quot;:{&quot;0&quot;:{&quot;autoHeight&quot;:false,&quot;autoplay&quot;:true,&quot;autoWidth&quot;:false,&quot;center&quot;:false,&quot;dots&quot;:false,&quot;items&quot;:1,&quot;loop&quot;:true,&quot;nav&quot;:false,&quot;stagePadding&quot;:0},&quot;601&quot;:{&quot;autoHeight&quot;:false,&quot;autoplay&quot;:true,&quot;autoWidth&quot;:false,&quot;center&quot;:false,&quot;dots&quot;:false,&quot;items&quot;:1,&quot;loop&quot;:true,&quot;nav&quot;:false,&quot;stagePadding&quot;:0},&quot;1025&quot;:{&quot;autoHeight&quot;:false,&quot;autoplay&quot;:true,&quot;autoWidth&quot;:false,&quot;center&quot;:false,&quot;dots&quot;:false,&quot;items&quot;:1,&quot;loop&quot;:true,&quot;nav&quot;:false,&quot;stagePadding&quot;:0},&quot;1281&quot;:{&quot;items&quot;:1,&quot;autoplay&quot;:true,&quot;center&quot;:false,&quot;dots&quot;:false,&quot;nav&quot;:false,&quot;autoHeight&quot;:false,&quot;autoWidth&quot;:false,&quot;loop&quot;:true,&quot;stagePadding&quot;:0}}}}'><\/div>\r\n\t<\/div><div class=\"w-btn-wrapper align_justify\"><a class=\"w-btn us-btn-style_1\" href=\"#\"><span class=\"w-btn-label\">BOOK NOW<\/span><\/a><\/div><\/div><\/div><\/div><\/div><\/div><\/section><section class=\"l-section wpb_row height_medium\"><div class=\"l-section-h i-cf\"><div class=\"g-cols vc_row via_flex valign_top type_default stacking_default\"><div class=\"vc_col-sm-12 wpb_column vc_column_container\"><div class=\"vc_column-inner\"><div class=\"wpb_wrapper\">[rev_slider_vc alias=\u00a0\u00bbthe-equitation-courses-bottom\u00a0\u00bb]<\/div><\/div><\/div><\/div><\/div><\/section>\n","protected":false},"excerpt":{"rendered":"\u201cIls m'ont fait me sentir chez moi\u201d \u201cTr\u00e8s gentils et accueillants\u201d","protected":false},"author":1,"featured_media":0,"parent":0,"menu_order":0,"comment_status":"closed","ping_status":"closed","template":"","meta":{"footnotes":""},"class_list":["post-402","page","type-page","status-publish","hentry"],"_links":{"self":[{"href":"https:\/\/www.keyinstitute.ie\/fr\/wp-json\/wp\/v2\/pages\/402","targetHints":{"allow":["GET"]}}],"collection":[{"href":"https:\/\/www.keyinstitute.ie\/fr\/wp-json\/wp\/v2\/pages"}],"about":[{"href":"https:\/\/www.keyinstitute.ie\/fr\/wp-json\/wp\/v2\/types\/page"}],"author":[{"embeddable":true,"href":"https:\/\/www.keyinstitute.ie\/fr\/wp-json\/wp\/v2\/users\/1"}],"replies":[{"embeddable":true,"href":"https:\/\/www.keyinstitute.ie\/fr\/wp-json\/wp\/v2\/comments?post=402"}],"version-history":[{"count":9,"href":"https:\/\/www.keyinstitute.ie\/fr\/wp-json\/wp\/v2\/pages\/402\/revisions"}],"predecessor-version":[{"id":953,"href":"https:\/\/www.keyinstitute.ie\/fr\/wp-json\/wp\/v2\/pages\/402\/revisions\/953"}],"wp:attachment":[{"href":"https:\/\/www.keyinstitute.ie\/fr\/wp-json\/wp\/v2\/media?parent=402"}],"curies":[{"name":"wp","href":"https:\/\/api.w.org\/{rel}","templated":true}]}}