{"id":549,"date":"2018-11-21T03:47:30","date_gmt":"2018-11-21T03:47:30","guid":{"rendered":"https:\/\/www.keyinstitute.ie\/about-us\/"},"modified":"2021-08-12T21:25:33","modified_gmt":"2021-08-12T21:25:33","slug":"about-us-5","status":"publish","type":"page","link":"https:\/\/www.keyinstitute.ie\/it\/about-us-5\/","title":{"rendered":"Su di noi"},"content":{"rendered":"<section class=\"l-section wpb_row banner height_medium\"><div class=\"l-section-h i-cf\"><div class=\"g-cols vc_row via_flex valign_top type_default stacking_default\"><div class=\"vc_col-sm-12 wpb_column vc_column_container\"><div class=\"vc_column-inner\"><div class=\"wpb_wrapper\">[rev_slider_vc alias=&#8221;about-us-it&#8221;]<\/div><\/div><\/div><\/div><\/div><\/section><section class=\"l-section wpb_row height_medium\"><div class=\"l-section-h i-cf\"><div class=\"g-cols vc_row via_flex valign_top type_default stacking_default\"><div class=\"vc_col-sm-12 wpb_column vc_column_container\"><div class=\"vc_column-inner\"><div class=\"wpb_wrapper\"><div class=\"wpb_text_column\"><div class=\"wpb_wrapper\"><p>Se ami la natura, lo sport e incontrare persone amichevoli, amerai l\u2019Irlanda: la terra dei cavalli. Un posto meraviglioso dove poter imparare l\u2019inglese. In Sligo conoscerai il fascino e la famosa ospitalit\u00e0 dell\u2019Irlanda. \u00c8 in questo ambiente ricco e unico che il Key Institute offre da 30 anni i suoi corsi di lingua e di equitazione specializzati per adolescenti.<\/p>\n<p>Si tratta di un articolato programma internazionale con 50 \u2013 60 studenti ogni settimana provenienti da Italia, Francia, Argentina, Svizzera, Germania e Spagna. Vi sono anche 50 studenti irlandesi che frequentano il maneggio e montano tutti i giorni.<span class=\"Apple-converted-space\">\u00a0<\/span><\/p>\n<p>La combinazione di equitazione, apprendimento della lingua inglese, surf, attivit\u00e0 serali ed escursioni culturali render\u00e0 questa vacanza un\u2019esperienza indimenticabile. Vivendo in una famiglia straniera, i ragazzi impareranno lo stile di vita e la cultura irlandese. Ai partecipanti \u00e8 richiesto un buon livello di condizione fisica per i nostri corsi sportivi.<\/p>\n<p><strong>Dove si trova il Key Institute ? <\/strong><\/p>\n<p>Tra la montagna di Knocknarea e la foresta dell&#8217;Unione, a 3 km dalla citt\u00e0 di Sligo (25.000 abitanti), sulla costa occidentale atlantica dell&#8217;Irlanda si trova Carrowmore, sede di alcune delle pi\u00f9 antiche tombe megalitiche e camere funerarie, alcune risalenti al 3500 a.C. Si dice che questa zona sia il primo sito colonizzato dall&#8217;uomo in Irlanda. Questo bellissimo angolo dell&#8217;Irlanda ospita il Key Institute, con i suoi istruttori e insegnanti di altissimo livello.<\/p>\n<\/div><\/div><\/div><\/div><\/div><\/div><\/div><\/section><section class=\"l-section wpb_row height_medium\"><div class=\"l-section-h i-cf\"><div class=\"g-cols vc_row via_flex valign_top type_default stacking_default\"><div class=\"vc_col-sm-12 wpb_column vc_column_container\"><div class=\"vc_column-inner\"><div class=\"wpb_wrapper\"><div class=\"wpb_text_column head\"><div class=\"wpb_wrapper\"><h1>La Gestione Del Key Institute<\/h1>\n<\/div><\/div><\/div><\/div><\/div><div class=\"vc_col-sm-12 wpb_column vc_column_container\"><div class=\"vc_column-inner\"><div class=\"wpb_wrapper\"><div class=\"w-image align_none\"><div class=\"w-image-h\"><img decoding=\"async\" width=\"1000\" height=\"440\" src=\"https:\/\/www.keyinstitute.ie\/wp-content\/uploads\/2018\/12\/Declan-1-1024x451.jpg\" class=\"attachment-large size-large\" alt=\"\" loading=\"lazy\" srcset=\"https:\/\/www.keyinstitute.ie\/wp-content\/uploads\/2018\/12\/Declan-1-1024x451.jpg 1024w, https:\/\/www.keyinstitute.ie\/wp-content\/uploads\/2018\/12\/Declan-1-300x132.jpg 300w, https:\/\/www.keyinstitute.ie\/wp-content\/uploads\/2018\/12\/Declan-1.jpg 2000w\" sizes=\"auto, (max-width: 1000px) 100vw, 1000px\" \/><\/div><\/div><\/div><\/div><\/div><\/div><\/div><\/section><section class=\"l-section wpb_row height_medium\"><div class=\"l-section-h i-cf\"><div class=\"g-cols vc_row via_flex valign_top type_default stacking_default\"><div class=\"vc_col-sm-6 wpb_column vc_column_container\"><div class=\"vc_column-inner\"><div class=\"wpb_wrapper\"><div class=\"g-cols wpb_row via_flex valign_middle type_default stacking_default\"><div class=\"vc_col-sm-9 wpb_column vc_column_container\"><div class=\"vc_column-inner\"><div class=\"wpb_wrapper\"><div class=\"wpb_text_column\"><div class=\"wpb_wrapper\"><h4>Direttore |\u00a0Declan Mc Garry B.H.S.A.I. I.C.E.S<\/h4>\n<p>Il direttore e proprietario del Key Institute \u00e8 il signor Declan Mc Garry B.H.S.A.I. I.C.E.S. Declan \u00e8 un ex medaglia d&#8217;argento di salto ostacoli europeo e membro dell&#8217;Irish Equestrian Team da molti anni.<\/p>\n<\/div><\/div><\/div><\/div><\/div><\/div><\/div><\/div><\/div><div class=\"vc_col-sm-6 wpb_column vc_column_container\"><div class=\"vc_column-inner\"><div class=\"wpb_wrapper\"><div class=\"g-cols wpb_row via_flex valign_middle type_default stacking_default\"><div class=\"vc_col-sm-9 wpb_column vc_column_container\"><div class=\"vc_column-inner\"><div class=\"wpb_wrapper\"><div class=\"wpb_text_column\"><div class=\"wpb_wrapper\"><h4>Direttore linguistico | Sheila Knowles B.A (T.E.F.L Dip)<\/h4>\n<p>La direttrice linguistica \u00e8 Sheila Knowles, un&#8217;insegnante qualificata con molti anni di esperienza nell&#8217;insegnamento dell&#8217;inglese a ragazzi stranieri.<\/p>\n<\/div><\/div><\/div><\/div><\/div><\/div><\/div><\/div><\/div><\/div><\/div><\/section><section class=\"l-section wpb_row height_medium\"><div class=\"l-section-h i-cf\"><div class=\"g-cols vc_row via_flex valign_top type_default stacking_default\"><div class=\"vc_col-sm-6 wpb_column vc_column_container\"><div class=\"vc_column-inner\"><div class=\"wpb_wrapper\"><div class=\"g-cols wpb_row via_flex valign_middle type_default stacking_default\"><div class=\"vc_col-sm-9 wpb_column vc_column_container\"><div class=\"vc_column-inner\"><div class=\"wpb_wrapper\"><div class=\"wpb_text_column\"><div class=\"wpb_wrapper\"><h3>Grainne Mc Garry B.H.S.I.I<\/h3>\n<p>Grainne, un altro membro della famiglia Mc Garry, lavora con i cavalli da oltre 25 anni. \u00c8 proprietaria di cavalli presso il centro coi quali compete regolarmente a livello agonistico ed \u00e8 riconosciuta come uno dei pi\u00f9 carismatici istruttori.<span class=\"Apple-converted-space\">\u00a0<\/span><\/p>\n<\/div><\/div><\/div><\/div><\/div><\/div><\/div><\/div><\/div><div class=\"vc_col-sm-6 wpb_column vc_column_container\"><div class=\"vc_column-inner\"><div class=\"wpb_wrapper\"><div class=\"w-image align_none\"><div class=\"w-image-h\"><img decoding=\"async\" width=\"1000\" height=\"638\" src=\"https:\/\/www.keyinstitute.ie\/wp-content\/uploads\/2018\/12\/18SligoRidingCentre_408JC-1024x653.jpg\" class=\"attachment-large size-large\" alt=\"\" loading=\"lazy\" srcset=\"https:\/\/www.keyinstitute.ie\/wp-content\/uploads\/2018\/12\/18SligoRidingCentre_408JC-1024x653.jpg 1024w, https:\/\/www.keyinstitute.ie\/wp-content\/uploads\/2018\/12\/18SligoRidingCentre_408JC-300x191.jpg 300w, https:\/\/www.keyinstitute.ie\/wp-content\/uploads\/2018\/12\/18SligoRidingCentre_408JC.jpg 2002w\" sizes=\"auto, (max-width: 1000px) 100vw, 1000px\" \/><\/div><\/div><\/div><\/div><\/div><\/div><\/div><\/section><section class=\"l-section wpb_row height_medium\"><div class=\"l-section-h i-cf\"><div class=\"g-cols vc_row via_flex valign_top type_default stacking_default\"><div class=\"vc_col-sm-6 wpb_column vc_column_container\"><div class=\"vc_column-inner\"><div class=\"wpb_wrapper\"><div class=\"g-cols wpb_row us_custom_2ae65f69 via_flex valign_top type_default stacking_default\"><div class=\"vc_col-sm-12 wpb_column vc_column_container\"><div class=\"vc_column-inner\"><div class=\"wpb_wrapper\"><div class=\"w-image align_none\"><div class=\"w-image-h\"><img decoding=\"async\" width=\"1000\" height=\"667\" src=\"https:\/\/www.keyinstitute.ie\/wp-content\/uploads\/2018\/12\/18SligoRidingCentre_412JC-1024x683.jpg\" class=\"attachment-large size-large\" alt=\"\" loading=\"lazy\" srcset=\"https:\/\/www.keyinstitute.ie\/wp-content\/uploads\/2018\/12\/18SligoRidingCentre_412JC-1024x683.jpg 1024w, https:\/\/www.keyinstitute.ie\/wp-content\/uploads\/2018\/12\/18SligoRidingCentre_412JC-300x200.jpg 300w, https:\/\/www.keyinstitute.ie\/wp-content\/uploads\/2018\/12\/18SligoRidingCentre_412JC.jpg 1866w\" sizes=\"auto, (max-width: 1000px) 100vw, 1000px\" \/><\/div><\/div><div class=\"w-image align_none\"><div class=\"w-image-h\"><img decoding=\"async\" width=\"1000\" height=\"667\" src=\"https:\/\/www.keyinstitute.ie\/wp-content\/uploads\/2018\/12\/18SligoRidingCentre_249JC-1024x683.jpg\" class=\"attachment-large size-large\" alt=\"\" loading=\"lazy\" srcset=\"https:\/\/www.keyinstitute.ie\/wp-content\/uploads\/2018\/12\/18SligoRidingCentre_249JC-1024x683.jpg 1024w, https:\/\/www.keyinstitute.ie\/wp-content\/uploads\/2018\/12\/18SligoRidingCentre_249JC-300x200.jpg 300w, https:\/\/www.keyinstitute.ie\/wp-content\/uploads\/2018\/12\/18SligoRidingCentre_249JC.jpg 1866w\" sizes=\"auto, (max-width: 1000px) 100vw, 1000px\" \/><\/div><\/div><\/div><\/div><\/div><\/div><\/div><\/div><\/div><div class=\"vc_col-sm-6 wpb_column vc_column_container\"><div class=\"vc_column-inner\"><div class=\"wpb_wrapper\"><div class=\"wpb_text_column\"><div class=\"wpb_wrapper\"><h4><b>Strutture del Key Institute<\/b><span class=\"Apple-converted-space\">\u00a0<\/span><\/h4>\n<ul>\n<li>3 aule per lezioni di lingua<\/li>\n<li>Box per 70 cavalli, campo coperto 55m x 30m<\/li>\n<li>2 campi all&#8217;aperto utilizzabili in tutte le stagioni 80m x 35m, 45m x 25m<\/li>\n<li>3 percorsi cross country (ostacoli fissi in campi in erba) di diverse altezze, di cui uno adatto anche con pioggia<\/li>\n<li>Accogliente club house con vista direttamente sul campo coperto<\/li>\n<li>Alloggio in loco per 24 studenti<\/li>\n<li>Lavanderia<span class=\"Apple-converted-space\">\u00a0<\/span><\/li>\n<li>Spogliatoio con armadietti personali per riporre attrezzature sportive, libri ecc. di ogni studente<\/li>\n<\/ul>\n<\/div><\/div><\/div><\/div><\/div><\/div><\/div><\/section><section class=\"l-section wpb_row height_medium\"><div class=\"l-section-h i-cf\"><div class=\"g-cols vc_row via_flex valign_top type_default stacking_default\"><div class=\"vc_col-sm-12 wpb_column vc_column_container\"><div class=\"vc_column-inner\"><div class=\"wpb_wrapper\">[rev_slider_vc alias=&#8221;about-us-bottom&#8221;]<\/div><\/div><\/div><\/div><\/div><\/section>\n","protected":false},"excerpt":{"rendered":"[rev_slider_vc alias=\"about-us-it\"]Se ami la natura, lo sport e incontrare persone amichevoli, amerai l\u2019Irlanda: la terra dei cavalli. Un posto meraviglioso dove poter imparare l\u2019inglese. In Sligo conoscerai il fascino e la famosa ospitalit\u00e0 dell\u2019Irlanda. \u00c8 in questo ambiente ricco e unico che il Key Institute offre da 30 anni i suoi corsi di lingua e...","protected":false},"author":1,"featured_media":0,"parent":0,"menu_order":0,"comment_status":"closed","ping_status":"closed","template":"","meta":{"footnotes":""},"class_list":["post-549","page","type-page","status-publish","hentry"],"_links":{"self":[{"href":"https:\/\/www.keyinstitute.ie\/it\/wp-json\/wp\/v2\/pages\/549","targetHints":{"allow":["GET"]}}],"collection":[{"href":"https:\/\/www.keyinstitute.ie\/it\/wp-json\/wp\/v2\/pages"}],"about":[{"href":"https:\/\/www.keyinstitute.ie\/it\/wp-json\/wp\/v2\/types\/page"}],"author":[{"embeddable":true,"href":"https:\/\/www.keyinstitute.ie\/it\/wp-json\/wp\/v2\/users\/1"}],"replies":[{"embeddable":true,"href":"https:\/\/www.keyinstitute.ie\/it\/wp-json\/wp\/v2\/comments?post=549"}],"version-history":[{"count":5,"href":"https:\/\/www.keyinstitute.ie\/it\/wp-json\/wp\/v2\/pages\/549\/revisions"}],"predecessor-version":[{"id":868,"href":"https:\/\/www.keyinstitute.ie\/it\/wp-json\/wp\/v2\/pages\/549\/revisions\/868"}],"wp:attachment":[{"href":"https:\/\/www.keyinstitute.ie\/it\/wp-json\/wp\/v2\/media?parent=549"}],"curies":[{"name":"wp","href":"https:\/\/api.w.org\/{rel}","templated":true}]}}