{"id":553,"date":"2018-11-22T09:19:55","date_gmt":"2018-11-22T09:19:55","guid":{"rendered":"https:\/\/www.keyinstitute.ie\/language-and-equitation-courses\/"},"modified":"2024-11-21T14:35:55","modified_gmt":"2024-11-21T14:35:55","slug":"corsi-di-lingua-e-di-equitazione","status":"publish","type":"page","link":"https:\/\/www.keyinstitute.ie\/it\/corsi-di-lingua-e-di-equitazione\/","title":{"rendered":"Corsi di lingua e di equitazione"},"content":{"rendered":"<section class=\"l-section wpb_row banner height_medium\"><div class=\"l-section-h i-cf\"><div class=\"g-cols vc_row via_flex valign_top type_default stacking_default\"><div class=\"vc_col-sm-12 wpb_column vc_column_container\"><div class=\"vc_column-inner\"><div class=\"wpb_wrapper\">[rev_slider_vc alias=&#8221;language-course-it&#8221;]<\/div><\/div><\/div><\/div><\/div><\/section><section class=\"l-section wpb_row height_medium\"><div class=\"l-section-h i-cf\"><div class=\"g-cols vc_row via_flex valign_top type_default stacking_default\"><div class=\"vc_col-sm-8 wpb_column vc_column_container\"><div class=\"vc_column-inner\"><div class=\"wpb_wrapper\"><div class=\"wpb_text_column\"><div class=\"wpb_wrapper\"><h3><strong>Il corso di lingua<\/strong><\/h3>\n<p>Il programma di lingua inglese \u00e8 impartito da insegnanti approvati dall&#8217;Advisory Council for English Language Schools (ACELS) &#8211; il Quality Assurance Body for English Language Teaching (ELT) in Irlanda.)<\/p>\n<p><strong>Garantiamo un servizio personale e professionale e promettiamo una vacanza educativa e piacevole per i nostri ospiti.<\/strong><\/p>\n<p>Le lezioni di lingua durano 5 giorni alla settimana, dal luned\u00ec al venerd\u00ec, 3 ore al giorno. Dopo i test del giorno, un adolescente viene inserito in un gruppo con il suo livello di inglese. Il corso contiene lezioni di grammatica linguistica, vocabolario, capacit\u00e0 di ascolto e scrittura e capacit\u00e0 di conversazione.<\/p>\n<\/div><\/div><div class=\"w-separator size_medium\"><\/div><div class=\"wpb_text_column\"><div class=\"wpb_wrapper\"><h3><strong>Il corso di equitazione<\/strong><\/h3>\n<p>I corsi di equitazione si svolgono 5 giorni a settimana (luned\u00ec-venerd\u00ec) e domenica. Abbiamo 3 corsi, adatti a tutti i livelli di cavaliere (non principianti completi). L&#8217;equitazione \u00e8 un mix di lezioni (indoor e outdoor), gare, salti di fondo, passeggiate a cavallo all&#8217;aperto nei boschi, in montagna e sulle spiagge dell&#8217;Atlantico. I cavalieri potranno inoltre, sotto la supervisione e la guida, preparare i loro cavalli per l&#8217;equitazione, cio\u00e8 governare, spazzolare e mettere su sella e briglia ecc&#8230;&#8230;. Il programma di equitazione \u00e8 approvato dall&#8217;A.I.R.E. (Association of Irish Equestrian Establishments).<\/p>\n<p><strong>I cavalli<\/strong>\u00a0: Ci sono 70 cavalli (cavalli sportivi irlandesi) e pony (pony del Connemara) di tutti i livelli dell&#8217;istituto.<\/p>\n<\/div><\/div><\/div><\/div><\/div><div class=\"vc_col-sm-4 wpb_column vc_column_container\"><div class=\"vc_column-inner\"><div class=\"wpb_wrapper\"><div class=\"wpb_text_column head\"><div class=\"wpb_wrapper\"><h3>Cosa dicono i nostri studenti<\/h3>\n<\/div><\/div><div class=\"w-grid boxed type_carousel layout_testimonial_5\" id=\"us_grid_1\" style=\"--gap:30px;\"><style>.layout_testimonial_5 .w-grid-item-h{}.layout_testimonial_5 .usg_post_image_1{width:7rem!important}.layout_testimonial_5 .usg_post_custom_field_1{font-weight:700!important;line-height:1.5!important;margin-bottom:0!important}.layout_testimonial_5 .usg_post_custom_field_2{color:var(--color-content-faded)!important;font-size:0.9rem!important;line-height:1.5!important}.layout_testimonial_5 .usg_post_custom_field_3{color:var(--color-content-primary)!important;font-size:1.2rem!important}<\/style><div class=\"w-grid-list owl-carousel valign_stretch dotstyle_circle navstyle_circle navpos_outside owl-responsive-2000\" style=\"--transition-duration:350ms;\">\t<article class=\"w-grid-item post-679 us_testimonial type-us_testimonial status-publish hentry\" data-id=\"679\">\r\n\t\t<div class=\"w-grid-item-h\">\r\n\t\t\t\t\t\t<div class=\"w-vwrapper usg_vwrapper_2 align_center valign_top\"><div class=\"w-post-elm post_content usg_post_content_1\"><p>&#8220;Ricordi meravigliosi! Ero l\u00ec due settimane fa e voglio tornare indietro&#8230;..&#8221;.<\/p>\n<p>&#8220;Bellissimo posto e bella gente&#8221;.<\/p>\n<\/div><div class=\"w-post-elm post_custom_field usg_post_custom_field_1 type_text us_testimonial_author\"><span class=\"w-post-elm-value\"><\/span><\/div><div class=\"w-post-elm post_custom_field usg_post_custom_field_2 has_text_color type_text us_testimonial_role color_link_inherit\"><span class=\"w-post-elm-value\"><\/span><\/div><\/div>\t\t<\/div>\r\n\t\t\t<\/article>\r\n\t<article class=\"w-grid-item post-678 us_testimonial type-us_testimonial status-publish hentry\" data-id=\"678\">\r\n\t\t<div class=\"w-grid-item-h\">\r\n\t\t\t\t\t\t<div class=\"w-vwrapper usg_vwrapper_2 align_center valign_top\"><div class=\"w-post-elm post_content usg_post_content_1\"><p>&#8220;Mi fanno sentire che non ero lontano da casa.<\/p>\n<p>&#8220;Molto gentile e accogliente&#8221;<\/p>\n<\/div><div class=\"w-post-elm post_custom_field usg_post_custom_field_1 type_text us_testimonial_author\"><span class=\"w-post-elm-value\"><\/span><\/div><div class=\"w-post-elm post_custom_field usg_post_custom_field_2 has_text_color type_text us_testimonial_role color_link_inherit\"><span class=\"w-post-elm-value\"><\/span><\/div><\/div>\t\t<\/div>\r\n\t\t\t<\/article>\r\n<\/div>\t<div class=\"g-preloader type_1\">\r\n\t\t<div><\/div>\r\n\t<\/div>\r\n\t\t<div class=\"w-grid-json hidden\" onclick='return {&quot;action&quot;:&quot;us_ajax_grid&quot;,&quot;infinite_scroll&quot;:0,&quot;max_num_pages&quot;:1,&quot;pagination&quot;:&quot;none&quot;,&quot;template_vars&quot;:{&quot;columns&quot;:&quot;&quot;,&quot;exclude_items&quot;:&quot;none&quot;,&quot;img_size&quot;:&quot;default&quot;,&quot;ignore_items_size&quot;:0,&quot;items_layout&quot;:&quot;testimonial_5&quot;,&quot;items_offset&quot;:&quot;0px&quot;,&quot;load_animation&quot;:&quot;none&quot;,&quot;overriding_link&quot;:&quot;{\\&quot;url\\&quot;:\\&quot;\\&quot;}&quot;,&quot;post_id&quot;:0,&quot;query_args&quot;:{&quot;post_type&quot;:[&quot;us_testimonial&quot;],&quot;post_status&quot;:[&quot;publish&quot;],&quot;posts_per_page&quot;:&quot;999&quot;},&quot;orderby_query_args&quot;:{&quot;orderby&quot;:{&quot;date&quot;:&quot;DESC&quot;}},&quot;type&quot;:&quot;carousel&quot;,&quot;us_grid_post_type&quot;:&quot;us_testimonial&quot;,&quot;us_grid_ajax_index&quot;:1,&quot;us_grid_filter_query_string&quot;:null,&quot;us_grid_index&quot;:1,&quot;page_args&quot;:[],&quot;lang&quot;:&quot;it&quot;},&quot;carousel_settings&quot;:{&quot;aria_labels&quot;:{&quot;prev&quot;:&quot;Precedente&quot;,&quot;next&quot;:&quot;Prossimo&quot;},&quot;autoplayContinual&quot;:false,&quot;autoplayHoverPause&quot;:false,&quot;autoplayTimeout&quot;:3000,&quot;fluidSpeed&quot;:350,&quot;margin&quot;:0,&quot;mouseDrag&quot;:true,&quot;rtl&quot;:false,&quot;slideBy&quot;:&quot;1&quot;,&quot;touchDrag&quot;:true,&quot;slideTransition&quot;:&quot;&quot;,&quot;responsive&quot;:{&quot;0&quot;:{&quot;autoHeight&quot;:false,&quot;autoplay&quot;:true,&quot;autoWidth&quot;:false,&quot;center&quot;:false,&quot;dots&quot;:false,&quot;items&quot;:1,&quot;loop&quot;:true,&quot;nav&quot;:false,&quot;stagePadding&quot;:0},&quot;601&quot;:{&quot;autoHeight&quot;:false,&quot;autoplay&quot;:true,&quot;autoWidth&quot;:false,&quot;center&quot;:false,&quot;dots&quot;:false,&quot;items&quot;:1,&quot;loop&quot;:true,&quot;nav&quot;:false,&quot;stagePadding&quot;:0},&quot;1025&quot;:{&quot;autoHeight&quot;:false,&quot;autoplay&quot;:true,&quot;autoWidth&quot;:false,&quot;center&quot;:false,&quot;dots&quot;:false,&quot;items&quot;:1,&quot;loop&quot;:true,&quot;nav&quot;:false,&quot;stagePadding&quot;:0},&quot;1281&quot;:{&quot;items&quot;:1,&quot;autoplay&quot;:true,&quot;center&quot;:false,&quot;dots&quot;:false,&quot;nav&quot;:false,&quot;autoHeight&quot;:false,&quot;autoWidth&quot;:false,&quot;loop&quot;:true,&quot;stagePadding&quot;:0}}}}'><\/div>\r\n\t<\/div><div class=\"w-btn-wrapper align_justify\"><a class=\"w-btn us-btn-style_1\" href=\"#\"><span class=\"w-btn-label\">PRENOTA ORA<\/span><\/a><\/div><\/div><\/div><\/div><\/div><\/div><\/section><section class=\"l-section wpb_row height_medium\"><div class=\"l-section-h i-cf\"><div class=\"g-cols vc_row via_flex valign_top type_default stacking_default\"><div class=\"vc_col-sm-12 wpb_column vc_column_container\"><div class=\"vc_column-inner\"><div class=\"wpb_wrapper\">[rev_slider_vc alias=&#8221;the-equitation-courses-bottom&#8221;]<\/div><\/div><\/div><\/div><\/div><\/section>\n","protected":false},"excerpt":{"rendered":"\"Mi fanno sentire che non ero lontano da casa. \"Molto gentile e accogliente\"","protected":false},"author":1,"featured_media":0,"parent":0,"menu_order":0,"comment_status":"closed","ping_status":"closed","template":"","meta":{"footnotes":""},"class_list":["post-553","page","type-page","status-publish","hentry"],"_links":{"self":[{"href":"https:\/\/www.keyinstitute.ie\/it\/wp-json\/wp\/v2\/pages\/553","targetHints":{"allow":["GET"]}}],"collection":[{"href":"https:\/\/www.keyinstitute.ie\/it\/wp-json\/wp\/v2\/pages"}],"about":[{"href":"https:\/\/www.keyinstitute.ie\/it\/wp-json\/wp\/v2\/types\/page"}],"author":[{"embeddable":true,"href":"https:\/\/www.keyinstitute.ie\/it\/wp-json\/wp\/v2\/users\/1"}],"replies":[{"embeddable":true,"href":"https:\/\/www.keyinstitute.ie\/it\/wp-json\/wp\/v2\/comments?post=553"}],"version-history":[{"count":6,"href":"https:\/\/www.keyinstitute.ie\/it\/wp-json\/wp\/v2\/pages\/553\/revisions"}],"predecessor-version":[{"id":955,"href":"https:\/\/www.keyinstitute.ie\/it\/wp-json\/wp\/v2\/pages\/553\/revisions\/955"}],"wp:attachment":[{"href":"https:\/\/www.keyinstitute.ie\/it\/wp-json\/wp\/v2\/media?parent=553"}],"curies":[{"name":"wp","href":"https:\/\/api.w.org\/{rel}","templated":true}]}}