{"id":556,"date":"2018-11-23T15:06:30","date_gmt":"2018-11-23T15:06:30","guid":{"rendered":"https:\/\/www.keyinstitute.ie\/equitation-language-intensive-jumping-programme\/"},"modified":"2026-01-07T15:42:24","modified_gmt":"2026-01-07T15:42:24","slug":"equitation-language-intensive-jumping-programme-4","status":"publish","type":"page","link":"https:\/\/www.keyinstitute.ie\/it\/equitation-language-intensive-jumping-programme-4\/","title":{"rendered":"Equitazione e lingua (programma intensivo di salto)"},"content":{"rendered":"<section class=\"l-section wpb_row banner height_medium\"><div class=\"l-section-h i-cf\"><div class=\"g-cols vc_row via_flex valign_top type_default stacking_default\"><div class=\"vc_col-sm-12 wpb_column vc_column_container\"><div class=\"vc_column-inner\"><div class=\"wpb_wrapper\">[rev_slider_vc alias=&#8221;intensive-jumping-prog-it&#8221;]<\/div><\/div><\/div><\/div><\/div><\/section><section class=\"l-section wpb_row height_medium\"><div class=\"l-section-h i-cf\"><div class=\"g-cols vc_row via_flex valign_top type_default stacking_default\"><div class=\"vc_col-sm-8 wpb_column vc_column_container\"><div class=\"vc_column-inner\"><div class=\"wpb_wrapper\"><div class=\"wpb_text_column\"><div class=\"wpb_wrapper\"><h2>PROGRAMMA<\/h2>\n<h4>Equitazione &amp; Lingua, Programma di salto intensivo<\/h4>\n<p>Questo programma \u00e8 rivolto a bravi cavalieri, che hanno un alto livello di guida, e competere a casa.<\/p>\n<p>Le lezioni si svolgeranno in piccoli gruppi, su cavalli\/pony di alto livello, sotto la direzione personale di Declan Mc Garry.<\/p>\n<p>Il corso \u00e8 di 3 ore al giorno, dal luned\u00ec al venerd\u00ec, (competizione ogni domenica) I cavalieri avranno lezioni di salto indoor\/outdoor, concentrandosi su corsi di salto di salto su cavalli da competizione.<\/p>\n<p>C&#8217;\u00e8 anche il cross country jumping e qualche cavalcata all&#8217;aperto in campagna e sulle spiagge.<\/p>\n<p>Questo corso \u00e8 adatto solo a cavalieri esperti, che saltano a 1,00m in gara.<\/p>\n<\/div><\/div><div class=\"g-cols wpb_row via_flex valign_middle type_default stacking_default\"><div class=\"vc_col-sm-8 wpb_column vc_column_container\"><div class=\"vc_column-inner\"><div class=\"wpb_wrapper\"><div class=\"wpb_text_column\"><div class=\"wpb_wrapper\"><h3>Equitazione &amp; Lingua<br \/>\n\u20ac1990.00 A settimana<\/h3>\n<\/div><\/div><\/div><\/div><\/div><div class=\"vc_col-sm-4 wpb_column vc_column_container\"><div class=\"vc_column-inner\"><div class=\"wpb_wrapper\"><div class=\"w-btn-wrapper align_none\"><a class=\"w-btn us-btn-style_1\" href=\"#\"><span class=\"w-btn-label\">PRENOTA ORA<\/span><\/a><\/div><\/div><\/div><\/div><\/div><div class=\"wpb_text_column\"><div class=\"wpb_wrapper\"><p>Il prezzo include l&#8217;incontro all&#8217;aeroporto di Dublino e il trasporto al Key Institute. Viaggio di ritorno all&#8217;aeroporto di Dublino e assistenza al check-in.<\/p>\n<ul>\n<li>Corso di lingua e corso sportivo.<\/li>\n<li>Sistemazione e tutti i pasti.<\/li>\n<li>Attivit\u00e0 come descritto.<\/li>\n<li>Tutti i trasporti locali.<\/li>\n<\/ul>\n<\/div><\/div><\/div><\/div><\/div><div class=\"vc_col-sm-4 wpb_column vc_column_container has_text_color\"><div class=\"vc_column-inner us_custom_953e435f\"><div class=\"wpb_wrapper\"><div class=\"wpb_text_column head\"><div class=\"wpb_wrapper\"><h3><strong>Attrezzatura da portare<\/strong><\/h3>\n<\/div><\/div><div class=\"wpb_text_column boxed\"><div class=\"wpb_wrapper\"><ul>\n<li>Cappello da equitazione e buon cappotto da equitazione all&#8217;aperto.<\/li>\n<li>Stivali da equitazione, chaps o stivali corti e mezzi chaps<\/li>\n<li>Un piccolo zaino<\/li>\n<li>Un blocco note e penne<\/li>\n<\/ul>\n<\/div><\/div><div class=\"wpb_text_column head\"><div class=\"wpb_wrapper\"><h3>Date<\/h3>\n<\/div><\/div><div class=\"wpb_text_column boxed\"><div class=\"wpb_wrapper\"><div class=\"QcsUad BDJ8fb BLojaf\" role=\"region\" aria-labelledby=\"ucj-5\">\n<div class=\"usGWQd\" aria-live=\"polite\">\n<div class=\"KkbLmb\">\n<div class=\"lRu31\"><strong><span class=\"HwtZe\" lang=\"it\"><span class=\"jCAhz ChMk0b\"><span class=\"ryNqvb\">I nostri corsi si svolgono ogni settimana (dom \u2013 dom) dal 14\/06 al 30\/08<\/span><\/span> <\/span><\/strong><\/div>\n<div class=\"lRu31\"><strong><span class=\"HwtZe\" lang=\"it\"><span class=\"jCAhz ChMk0b\"><span class=\"ryNqvb\">Tutti gli arrivi e le partenze sono di domenica.<\/span><\/span><\/span><\/strong><\/div>\n<\/div>\n<\/div>\n<\/div>\n<\/div><\/div><\/div><\/div><\/div><\/div><\/div><\/section><section class=\"l-section wpb_row height_medium\"><div class=\"l-section-h i-cf\"><div class=\"g-cols vc_row via_flex valign_top type_default stacking_default\"><div class=\"vc_col-sm-12 wpb_column vc_column_container\"><div class=\"vc_column-inner\"><div class=\"wpb_wrapper\">[rev_slider_vc alias=&#8221;equitation-language-intensive-bottom&#8221;]<\/div><\/div><\/div><\/div><\/div><\/section>\n","protected":false},"excerpt":{"rendered":"[rev_slider_vc alias=\"intensive-jumping-prog-it\"]PROGRAMMA Equitazione &amp; Lingua, Programma di salto intensivo Questo programma \u00e8 rivolto a bravi cavalieri, che hanno un alto livello di guida, e competere a casa. Le lezioni si svolgeranno in piccoli gruppi, su cavalli\/pony di alto livello, sotto la direzione personale di Declan Mc Garry. Il corso \u00e8 di 3 ore al giorno,...","protected":false},"author":1,"featured_media":0,"parent":0,"menu_order":0,"comment_status":"closed","ping_status":"closed","template":"","meta":{"footnotes":""},"class_list":["post-556","page","type-page","status-publish","hentry"],"_links":{"self":[{"href":"https:\/\/www.keyinstitute.ie\/it\/wp-json\/wp\/v2\/pages\/556","targetHints":{"allow":["GET"]}}],"collection":[{"href":"https:\/\/www.keyinstitute.ie\/it\/wp-json\/wp\/v2\/pages"}],"about":[{"href":"https:\/\/www.keyinstitute.ie\/it\/wp-json\/wp\/v2\/types\/page"}],"author":[{"embeddable":true,"href":"https:\/\/www.keyinstitute.ie\/it\/wp-json\/wp\/v2\/users\/1"}],"replies":[{"embeddable":true,"href":"https:\/\/www.keyinstitute.ie\/it\/wp-json\/wp\/v2\/comments?post=556"}],"version-history":[{"count":7,"href":"https:\/\/www.keyinstitute.ie\/it\/wp-json\/wp\/v2\/pages\/556\/revisions"}],"predecessor-version":[{"id":989,"href":"https:\/\/www.keyinstitute.ie\/it\/wp-json\/wp\/v2\/pages\/556\/revisions\/989"}],"wp:attachment":[{"href":"https:\/\/www.keyinstitute.ie\/it\/wp-json\/wp\/v2\/media?parent=556"}],"curies":[{"name":"wp","href":"https:\/\/api.w.org\/{rel}","templated":true}]}}