{"id":557,"date":"2018-11-21T03:47:57","date_gmt":"2018-11-21T03:47:57","guid":{"rendered":"https:\/\/www.keyinstitute.ie\/accommodation\/"},"modified":"2026-01-07T15:39:12","modified_gmt":"2026-01-07T15:39:12","slug":"accommodation","status":"publish","type":"page","link":"https:\/\/www.keyinstitute.ie\/it\/accommodation\/","title":{"rendered":"Alloggio"},"content":{"rendered":"<section class=\"l-section wpb_row banner height_medium\"><div class=\"l-section-h i-cf\"><div class=\"g-cols vc_row via_flex valign_top type_default stacking_default\"><div class=\"vc_col-sm-12 wpb_column vc_column_container\"><div class=\"vc_column-inner\"><div class=\"wpb_wrapper\">[rev_slider_vc alias=&#8221;accommodation-bottom&#8221;]<\/div><\/div><\/div><\/div><\/div><\/section><section class=\"l-section wpb_row height_medium\"><div class=\"l-section-h i-cf\"><div class=\"g-cols vc_row via_flex valign_top type_default stacking_default\"><div class=\"vc_col-sm-8 wpb_column vc_column_container\"><div class=\"vc_column-inner\"><div class=\"wpb_wrapper\"><div class=\"wpb_text_column\"><div class=\"wpb_wrapper\"><h3>L&#8217;alloggio<\/h3>\n<p>Gli adolescenti hanno la possibilit\u00e0 di scegliere l&#8217;alloggio. Offriamo alloggio presso il centro ippico o in una famiglia ospitante.<\/p>\n<h3>Centro Ippico Alloggio<\/h3>\n<p>Al centro ippico abbiamo un alloggio per 40 studenti. Gli studenti sono sotto la guida di 3 capigruppo che vivono anche nel centro ippico.<\/p>\n<p>L&#8217;alloggio \u00e8 in camere a pi\u00f9 letti con bagno\/doccia. I pasti sono presi in gruppo nella nostra sala da pranzo.<\/p>\n<p>Ricordati che condividerai la tua stanza con altri adolescenti di tutto il mondo, per migliorare le tue abilit\u00e0 linguistiche!<\/p>\n<p>L&#8217;alloggio nel centro ippico \u00e8 adatto per gli adolescenti che preferiscono essere in gruppo, adatto anche a giovani studenti, adolescenti un po&#8217; timidi e non sicuri delle loro abilit\u00e0 linguistiche, e naturalmente per quegli adolescenti che vogliono stare sempre vicino ai cavalli e ai bambini irlandesi a cavallo&#8221;.<\/p>\n<h3>Alloggio in famiglia<\/h3>\n<p>Le nostre famiglie ospitanti sono tutte ben note a noi personalmente e ospitano adolescenti da anni. Tutte le famiglie ospitanti sono scelte appositamente dall&#8217;Istituto Chiave per la loro cordialit\u00e0 e la comodit\u00e0 della loro casa, garantendo cos\u00ec un&#8217;esperienza piacevole per tutti. In ogni famiglia ospitante ci sono 2 o 3 adolescenti, di diversa lingua madre. Non ci sono mai 2 adolescenti con la stessa lingua in una famiglia ospitante. Le famiglie ospitanti si trovano nella citt\u00e0 di Sligo, nel villaggio di Strandhill e nella zona vicino al Key Institute.<\/p>\n<p>I dettagli della famiglia ospitante vengono inviati via e-mail 4 settimane prima della partenza. Vivere in una famiglia vi permetter\u00e0 di conoscere rapidamente gli abitanti di un paese noto per la loro cordialit\u00e0. La sistemazione in famiglia ospitante \u00e8 adatta ad adolescenti sicuri di s\u00e9, adatto anche ad adolescenti con un buon livello di inglese.<\/p>\n<\/div><\/div><\/div><\/div><\/div><div class=\"vc_col-sm-4 wpb_column vc_column_container\"><div class=\"vc_column-inner\"><div class=\"wpb_wrapper\"><div class=\"wpb_text_column head\"><div class=\"wpb_wrapper\"><h3>Orario Tipico Giornaliero<\/h3>\n<\/div><\/div><div class=\"wpb_text_column boxed\"><div class=\"wpb_wrapper\"><p>8.30 Colazione<br \/>\n<strong>9.30<\/strong> corso di lingua inglese<br \/>\n<strong>12.30<\/strong> Il pranzo viene preso come gruppo nella club house.<br \/>\n<strong>14.00<\/strong> Corso di equitazione<br \/>\n<strong>17.30<\/strong> Cena<br \/>\n<strong>19.30<\/strong> Trasporto in autobus all&#8217;attivit\u00e0 lavorativa<br \/>\n<strong>22.00<\/strong> Trasporto in autobus a l,alloggio<br \/>\n<strong>Sabato<\/strong>: escursione di gruppo a sligo town, seguita da Bar b que.<br \/>\n<strong>Domenica:<\/strong> Concorso.<\/p>\n<\/div><\/div><div class=\"wpb_text_column head\"><div class=\"wpb_wrapper\"><h3>Attivit\u00e0<\/h3>\n<\/div><\/div><div class=\"wpb_text_column boxed\"><div class=\"wpb_wrapper\"><p>Nelle 5 sere della settimana, gli adolescenti avranno a disposizione attivit\u00e0 di gruppo, tra cui cinema, discoteca, bar-b-que e surf. Le altre 2 serate vengono trascorse con la famiglia ospitante o nel centro ippico.<\/p>\n<\/div><\/div><\/div><\/div><\/div><\/div><\/div><\/section><section class=\"l-section wpb_row height_medium\"><div class=\"l-section-h i-cf\"><div class=\"g-cols vc_row via_flex valign_top type_default stacking_default\"><div class=\"vc_col-sm-12 wpb_column vc_column_container\"><div class=\"vc_column-inner\"><div class=\"wpb_wrapper\">[rev_slider_vc alias=&#8221;accommodation&#8221;]<\/div><\/div><\/div><\/div><\/div><\/section>\n","protected":false},"excerpt":{"rendered":"[rev_slider_vc alias=\"accommodation-bottom\"]L&#8217;alloggio Gli adolescenti hanno la possibilit\u00e0 di scegliere l&#8217;alloggio. Offriamo alloggio presso il centro ippico o in una famiglia ospitante. Centro Ippico Alloggio Al centro ippico abbiamo un alloggio per 40 studenti. Gli studenti sono sotto la guida di 3 capigruppo che vivono anche nel centro ippico. L&#8217;alloggio \u00e8 in camere a pi\u00f9 letti...","protected":false},"author":1,"featured_media":0,"parent":0,"menu_order":0,"comment_status":"closed","ping_status":"closed","template":"","meta":{"footnotes":""},"class_list":["post-557","page","type-page","status-publish","hentry"],"_links":{"self":[{"href":"https:\/\/www.keyinstitute.ie\/it\/wp-json\/wp\/v2\/pages\/557","targetHints":{"allow":["GET"]}}],"collection":[{"href":"https:\/\/www.keyinstitute.ie\/it\/wp-json\/wp\/v2\/pages"}],"about":[{"href":"https:\/\/www.keyinstitute.ie\/it\/wp-json\/wp\/v2\/types\/page"}],"author":[{"embeddable":true,"href":"https:\/\/www.keyinstitute.ie\/it\/wp-json\/wp\/v2\/users\/1"}],"replies":[{"embeddable":true,"href":"https:\/\/www.keyinstitute.ie\/it\/wp-json\/wp\/v2\/comments?post=557"}],"version-history":[{"count":5,"href":"https:\/\/www.keyinstitute.ie\/it\/wp-json\/wp\/v2\/pages\/557\/revisions"}],"predecessor-version":[{"id":987,"href":"https:\/\/www.keyinstitute.ie\/it\/wp-json\/wp\/v2\/pages\/557\/revisions\/987"}],"wp:attachment":[{"href":"https:\/\/www.keyinstitute.ie\/it\/wp-json\/wp\/v2\/media?parent=557"}],"curies":[{"name":"wp","href":"https:\/\/api.w.org\/{rel}","templated":true}]}}